{"id":9,"date":"2013-10-26T17:07:53","date_gmt":"2013-10-26T17:07:53","guid":{"rendered":"http:\/\/vierra.themenesia.com\/?page_id=9"},"modified":"2021-05-05T13:23:18","modified_gmt":"2021-05-05T10:23:18","slug":"rooms","status":"publish","type":"page","link":"https:\/\/kleopatraadahotel.com\/tr\/rooms\/","title":{"rendered":"Odalar"},"content":{"rendered":"<p>Otelimiz toplam 123 oda, 280 yatak kapasitelidir.<br \/>\nB\u00fct\u00fcn odalarda Klima (split), Minibar, Direkt hat Telefon, Televizyon (uydu yay\u0131n\u0131), Kiral\u0131k Kasa, Sa\u00e7 Kurutma makinas\u0131, Du\u015f, Tuvalet, Balkon, Yerler seramik.<\/p>","protected":false},"excerpt":{"rendered":"<p>Otelimiz toplam 123 oda, 280 yatak kapasitelidir. B\u00fct\u00fcn odalarda Klima (split), Minibar, Direkt hat Telefon, Televizyon (uydu yay\u0131n\u0131), Kiral\u0131k Kasa, Sa\u00e7 Kurutma makinas\u0131, Du\u015f, Tuvalet, Balkon, Yerler seramik.<\/p>\n","protected":false},"author":1,"featured_media":0,"parent":0,"menu_order":0,"comment_status":"open","ping_status":"open","template":"page_rooms_two_columns.php","meta":[],"_links":{"self":[{"href":"https:\/\/kleopatraadahotel.com\/tr\/wp-json\/wp\/v2\/pages\/9"}],"collection":[{"href":"https:\/\/kleopatraadahotel.com\/tr\/wp-json\/wp\/v2\/pages"}],"about":[{"href":"https:\/\/kleopatraadahotel.com\/tr\/wp-json\/wp\/v2\/types\/page"}],"author":[{"embeddable":true,"href":"https:\/\/kleopatraadahotel.com\/tr\/wp-json\/wp\/v2\/users\/1"}],"replies":[{"embeddable":true,"href":"https:\/\/kleopatraadahotel.com\/tr\/wp-json\/wp\/v2\/comments?post=9"}],"version-history":[{"count":4,"href":"https:\/\/kleopatraadahotel.com\/tr\/wp-json\/wp\/v2\/pages\/9\/revisions"}],"predecessor-version":[{"id":907,"href":"https:\/\/kleopatraadahotel.com\/tr\/wp-json\/wp\/v2\/pages\/9\/revisions\/907"}],"wp:attachment":[{"href":"https:\/\/kleopatraadahotel.com\/tr\/wp-json\/wp\/v2\/media?parent=9"}],"curies":[{"name":"wp","href":"https:\/\/api.w.org\/{rel}","templated":true}]}}