{"id":3,"date":"2021-04-20T07:15:59","date_gmt":"2021-04-20T07:15:59","guid":{"rendered":"https:\/\/kleopatraadahotel.com\/?page_id=3"},"modified":"2021-05-04T19:43:41","modified_gmt":"2021-05-04T16:43:41","slug":"privacy-policy","status":"publish","type":"page","link":"https:\/\/kleopatraadahotel.com\/tr\/privacy-policy\/","title":{"rendered":"Ki\u0307\u015fi\u0307sel Veri\u0307leri\u0307 Koruma Kanunu"},"content":{"rendered":"<p>Bu bilgilendirme, 6698 say\u0131l\u0131 \u201cKi\u015fisel Verilerin Korunmas\u0131 Kanunu\u201d 10. maddesi gere\u011fince ve yasal zorunluluk nedeniyle yap\u0131lmaktad\u0131r.<\/p>\r\n<p><strong>KLEOPATRA ADA HOTEL<\/strong> (AYSAR OTELC\u0130L\u0130K \u0130N\u015e. TUR. T\u0130C. LTD. \u015eT\u0130. ) olarak ki\u015fisel verilerinizin g\u00fcvenli\u011fi hususuna azami hassasiyet g\u00f6stermekteyiz. Bu bilin\u00e7le, \u015firket olarak \u00fcr\u00fcn ve hizmetlerimizden faydalanan ki\u015filer dahil, \u015firketimiz ile ilgili t\u00fcm \u015fah\u0131slara ait her t\u00fcrl\u00fc ki\u015fisel verilerin 6998 Say\u0131l\u0131 Ki\u015fisel Verilerin Korunmas\u0131 Kanunu (KVKK)&#8217;na uygun olarak i\u015flenerek muhafaza edilmesine b\u00fcy\u00fck \u00f6nem atfetmekteyiz. Bu sorumlulu\u011fumuz gere\u011fi KVKK&#8217;n\u0131n 3. maddesinde tan\u0131ml\u0131 \u015fekli ile &#8216;veri sorumlusu&#8217; s\u0131fat\u0131 ile ki\u015fisel verilerinizi a\u015fa\u011f\u0131da izah edildi\u011fi surette ve mevzuat taraf\u0131ndan emredilen s\u0131n\u0131rlar \u00e7er\u00e7evesinde i\u015flemekteyiz.<\/p>\r\n<p><strong>1- K\u0130\u015e\u0130SEL VER\u0130LER\u0130N \u0130\u015eLENMES\u0130 AMA\u00c7LARI<\/strong><br \/>Ki\u015fisel verileriniz (ad, soyad, do\u011fum tarihi, kimlik ve pasaport bilgileri, i\u015f, ev ve cep telefon numaras\u0131, e-posta adresi, cinsiyet, adres, meslek, e\u011fitim, medeni durum, ara\u00e7 plakas\u0131, konaklama, kredi kart\u0131, harcama ve u\u00e7u\u015f bilgileri, al\u0131\u015fveri\u015f bilgileri, fatura bilgileri, t\u00fcketim tercihleri vb.) \u015firketimiz taraf\u0131ndan sunulan \u00fcr\u00fcn ve hizmetlerden sizleri faydaland\u0131rmak i\u00e7in gerekli \u00e7al\u0131\u015fmalar\u0131n i\u015f birimleri taraf\u0131ndan yap\u0131lmas\u0131, \u00fcr\u00fcn ve hizmetlerinin sunulabilmesi, ald\u0131\u011f\u0131n\u0131z\/alaca\u011f\u0131n\u0131z \u00fcr\u00fcn ve hizmete ili\u015fkin ileti\u015fim kurulabilmesi, \u00fcr\u00fcn ve hizmetlerin sizlerin be\u011feni, kullan\u0131m al\u0131\u015fkanl\u0131klar\u0131 ve ihtiya\u00e7lar\u0131na g\u00f6re \u00f6zelle\u015ftirilerek sizlere \u00f6nerilmesi, \u00fcr\u00fcn\/hizmet teklifi, (pazarlama faaliyetlerinde kullan\u0131labilmesi), modelleme, raporlama, skorlama, \u015firketimiz insan kaynaklar\u0131 politikalar\u0131n\u0131n y\u00fcr\u00fct\u00fclmesi, \u015firketimiz ve \u015firketimizle ili\u015fki i\u00e7erisinde olan ki\u015filerin hukuki ve ticari g\u00fcvenli\u011finin temini, \u015firketimizin ticari ve i\u015f stratejilerinin belirlenmesi ve uygulanmas\u0131, \u015firketimiz ve i\u015ftiraklerimizin mevcut veya yeni \u00fcr\u00fcn \u00e7al\u0131\u015fmalar\u0131 ve potansiyel m\u00fc\u015fteri tespiti vb ama\u00e7lar ile turizm, pazarlama, tan\u0131t\u0131m ve reklam faaliyetleri ile ili\u015fkili olarak ve yasal y\u00fck\u00fcml\u00fcl\u00fckler nedeni ile KVKK&#8217;n\u0131n 5. ve 6. maddelerinde belirtilen ki\u015fisel veri i\u015fleme \u015fartlar\u0131 ve ama\u00e7lar\u0131 dahilinde i\u015flenmektedir.<\/p>\r\n<p><strong>2- K\u0130\u015e\u0130SEL VER\u0130LER\u0130N HANG\u0130 AMA\u00c7LA VE K\u0130MLERE AKTARILACA\u011eI<\/strong><br \/>Ki\u015fisel verileriniz \u015firketimiz taraf\u0131ndan sunulan \u00fcr\u00fcn ve hizmetlerden sizleri faydaland\u0131rmak i\u00e7in gerekli \u00e7al\u0131\u015fmalar\u0131n i\u015f birimlerimiz taraf\u0131ndan yap\u0131lmas\u0131, \u00fcr\u00fcn ve hizmetlerinin sunulabilmesi, ald\u0131\u011f\u0131n\u0131z\/alaca\u011f\u0131n\u0131z \u00fcr\u00fcn ve hizmete ili\u015fkin ileti\u015fim kurulabilmesi, \u00fcr\u00fcn ve hizmetlerin sizlerin be\u011feni, kullan\u0131m al\u0131\u015fkanl\u0131klar\u0131 ve ihtiya\u00e7lar\u0131na g\u00f6re \u00f6zelle\u015ftirilerek sizlere \u00f6nerilmesi, \u00fcr\u00fcn\/hizmet teklifi, (pazarlama faaliyetlerinde kullan\u0131labilmesi), \u015firketimiz ve \u015firketimizle ili\u015fki i\u00e7erisinde olan ki\u015filerin hukuki ve ticari g\u00fcvenli\u011finin temini, \u015firketimizin ticari ve i\u015f stratejilerinin belirlenmesi ve uygulanmas\u0131 ama\u00e7lar\u0131 ile i\u015f ortaklar\u0131m\u0131za, tedarik\u00e7ilerimize, hissedarlar\u0131m\u0131za, i\u015ftiraklar\u0131m\u0131za, topluluk \u015firketlerimize, kanunen yetkili kamu kurumlar\u0131, devlet g\u00fcvenlik birimleri ve \u00f6zel ki\u015filere KVKK&#8217;n\u0131n 8. ve 9. maddelerinde belirtilen ki\u015fisel veri i\u015fleme \u015fartlar\u0131 ve ama\u00e7lar\u0131 \u00e7er\u00e7evesinde aktar\u0131labilecektir.<\/p>\r\n<p><strong>3- K\u0130\u015e\u0130SEL VER\u0130 TOPLAMANIN Y\u00d6NTEM\u0130 VE HUKUK\u0130 SEBEB\u0130<\/strong><br \/>Ki\u015fisel verileriniz her t\u00fcrl\u00fc s\u00f6zl\u00fc, yaz\u0131l\u0131 ya da elektronik ortamda, yukar\u0131da yer verilen ama\u00e7lar do\u011frultusunda \u015firketimizce sunulan \u00fcr\u00fcn ve hizmetlerin belirlenen yasal \u00e7er\u00e7evede sunulabilmesi ve bu kapsamda \u015firketimizin s\u00f6zle\u015fme ve yasadan do\u011fan mesuliyetlerini eksiksiz ve do\u011fru \u015fekilde yerine getirebilmesi gayesiyle edinilir. Bu hukuki sebeple toplanan ki\u015fisel verileriniz KVKK&#8217;n\u0131n 5. ve 6. maddelerinde belirtilen ki\u015fisel veri i\u015fleme \u015fartlar\u0131 ve ama\u00e7lar\u0131 kapsam\u0131nda bu metnin 1. ve 2. maddelerinde belirtilen ama\u00e7larla i\u015flenebilmekte ve aktar\u0131labilmektedir.<\/p>\r\n<p><strong>4-K\u0130\u015e\u0130SEL VER\u0130 SAH\u0130B\u0130N\u0130N HAKLARI<\/strong><br \/><em>Ki\u015fisel veri sahibi olarak;<\/em><\/p>\r\n<ul>\r\n<li>Ki\u015fisel verilerin i\u015flenip i\u015flenmedi\u011fini \u00f6\u011frenme,<\/li>\r\n<li>Ki\u015fisel verilerin i\u015flenmi\u015fse buna ili\u015fkin bilgi talep etme,<\/li>\r\n<li>Ki\u015fisel verileriniz i\u015flenme amac\u0131n\u0131 ve bunlar\u0131n amac\u0131na uygun kullan\u0131l\u0131p kullan\u0131lmad\u0131\u011f\u0131n\u0131 \u00f6\u011frenme,<\/li>\r\n<li>Yurt i\u00e7inde ve yurt d\u0131\u015f\u0131nda ki\u015fisel verilerin aktar\u0131ld\u0131\u011f\u0131 3. ki\u015fileri bilme,<\/li>\r\n<li>Ki\u015fisel verilerin eksik ya da yanl\u0131\u015f i\u015flenmi\u015f olmas\u0131 halinde bunlar\u0131n d\u00fczeltilmesini isteme ve bu kapsamda yap\u0131lan i\u015flemin ki\u015fisel verilerin aktar\u0131ld\u0131\u011f\u0131 3. ki\u015filere bildirilmesini isteme,<\/li>\r\n<li>KVKK ve ilgili kanun h\u00fck\u00fcmlerine uygun olarak i\u015flenmesine ra\u011fmen i\u015flenmesini gerektiren sebeplerin ortadan kald\u0131r\u0131lmas\u0131 halinde ki\u015fisel verilerin yok edilmesini isteme ve bu kapsamda yap\u0131lan i\u015flemin ki\u015fisel verilerin aktar\u0131ld\u0131\u011f\u0131 3. ki\u015filere bildirilmesini isteme,<\/li>\r\n<li>\u0130\u015flenen verilerin m\u00fcnhas\u0131ran otomatik sistemler vas\u0131tas\u0131 ile analiz edilmesi suretiyle ki\u015finin aleyhine bir sonucun ortaya \u00e7\u0131kmas\u0131na itiraz etme,<\/li>\r\n<li>Ki\u015fisel verilerin kanuna ayk\u0131r\u0131 olarak i\u015flenmesi sebebiyle zarar u\u011framas\u0131 halinde zarar\u0131n giderilmesini talep etme haklar\u0131n\u0131z bulunmaktad\u0131r.<\/li>\r\n<\/ul>\r\n<p>KVKK&#8217;n\u0131n 13. maddesinin 1. f\u0131kras\u0131 gere\u011fince yukar\u0131da belirtilen haklar\u0131n\u0131z\u0131 kullanmak ile ilgili talebinizi &#8216;yaz\u0131l\u0131&#8217; veya &#8216;Ki\u015fisel verileri Koruma Kurulu&#8217;nun belirledi\u011fi di\u011fer y\u00f6ntemlerle \u015firketimize iletmeniz gerekmektedir. Ki\u015fisel Verileri Koruma Kurulu, \u015fu a\u015famada herhangi bir y\u00f6ntem belirlemedi\u011finden ba\u015fvurunuzu, KVKK gere\u011fince yaz\u0131l\u0131 olarak \u015firketimize iletmeniz gerekmektedir. Bu \u00e7er\u00e7evede \u015firketimize KVKK&#8217;n\u0131n 11. maddesi kapsam\u0131nda yapaca\u011f\u0131n\u0131z ba\u015fvurularda yaz\u0131l\u0131 olarak ba\u015fvurunuzu iletti\u011finiz kanallar ve usuller a\u015fa\u011f\u0131da a\u00e7\u0131klanmaktad\u0131r.<\/p>\r\n<p>Yukar\u0131da belirtti\u011finiz haklar\u0131n\u0131z\u0131 kullanmak i\u00e7in kimli\u011finizi tespit edici bilgiler ile KVKK&#8217;n\u0131n 11. maddesinde belirtilen haklardan kullanmay\u0131 talep etti\u011finiz hakk\u0131n\u0131za y\u00f6nelik a\u00e7\u0131klamalar\u0131n\u0131z\u0131 i\u00e7eren talebinizi; <a href=\"\/wp-content\/uploads\/2021\/05\/kvkk_basvuru_formu.pdf\" target=\"_blank\" rel=\"noopener\"><strong>Ba\u015fvuru Formu<\/strong><\/a> doldurarak, formun imzal\u0131 bir n\u00fcshas\u0131n\u0131 \u2018<strong>KLEOPATRA ADA HOTEL<\/strong>\u2019, KIZLARPINARI MH. FAT\u0130HLER SK. NO:12 ALANYA\/ANTALYA adresine kimli\u011finizi tespit edici belgeler ile bizzat elden iletebilir, Noter kanal\u0131 ile, iadeli taahh\u00fctl\u00fc mektupla veya KVKK&#8217;da belirtilen di\u011fer y\u00f6ntemlerle g\u00f6nderebilirsiniz.<\/p>\r\n<p style=\"text-align: right;\"><strong>AYSAR OTELC\u0130L\u0130K \u0130N\u015e. TUR. T\u0130C. LTD. \u015eT\u0130.<\/strong><br \/>(KLEOPATRA ADA HOTEL)<\/p>","protected":false},"excerpt":{"rendered":"<p>Bu bilgilendirme, 6698 say\u0131l\u0131 \u201cKi\u015fisel Verilerin Korunmas\u0131 Kanunu\u201d 10. maddesi gere\u011fince ve yasal zorunluluk nedeniyle yap\u0131lmaktad\u0131r. KLEOPATRA ADA HOTEL (AYSAR OTELC\u0130L\u0130K \u0130N\u015e. TUR. T\u0130C. LTD. \u015eT\u0130. ) olarak ki\u015fisel verilerinizin g\u00fcvenli\u011fi hususuna azami hassasiyet g\u00f6stermekteyiz. Bu bilin\u00e7le, \u015firket olarak \u00fcr\u00fcn ve hizmetlerimizden faydalanan ki\u015filer dahil, \u015firketimiz ile ilgili t\u00fcm \u015fah\u0131slara ait her t\u00fcrl\u00fc ki\u015fisel verilerin [&hellip;]<\/p>\n","protected":false},"author":1,"featured_media":0,"parent":0,"menu_order":0,"comment_status":"closed","ping_status":"open","template":"","meta":[],"_links":{"self":[{"href":"https:\/\/kleopatraadahotel.com\/tr\/wp-json\/wp\/v2\/pages\/3"}],"collection":[{"href":"https:\/\/kleopatraadahotel.com\/tr\/wp-json\/wp\/v2\/pages"}],"about":[{"href":"https:\/\/kleopatraadahotel.com\/tr\/wp-json\/wp\/v2\/types\/page"}],"author":[{"embeddable":true,"href":"https:\/\/kleopatraadahotel.com\/tr\/wp-json\/wp\/v2\/users\/1"}],"replies":[{"embeddable":true,"href":"https:\/\/kleopatraadahotel.com\/tr\/wp-json\/wp\/v2\/comments?post=3"}],"version-history":[{"count":4,"href":"https:\/\/kleopatraadahotel.com\/tr\/wp-json\/wp\/v2\/pages\/3\/revisions"}],"predecessor-version":[{"id":1014,"href":"https:\/\/kleopatraadahotel.com\/tr\/wp-json\/wp\/v2\/pages\/3\/revisions\/1014"}],"wp:attachment":[{"href":"https:\/\/kleopatraadahotel.com\/tr\/wp-json\/wp\/v2\/media?parent=3"}],"curies":[{"name":"wp","href":"https:\/\/api.w.org\/{rel}","templated":true}]}}