{"id":1154,"date":"2021-05-17T11:46:39","date_gmt":"2021-05-17T08:46:39","guid":{"rendered":"https:\/\/kleopatraadahotel.com\/?page_id=1154"},"modified":"2021-05-18T15:20:08","modified_gmt":"2021-05-18T12:20:08","slug":"hotel-video","status":"publish","type":"page","link":"https:\/\/kleopatraadahotel.com\/tr\/hotel-video\/","title":{"rendered":"Otel Videosu"},"content":{"rendered":"<p><div class=\"col-md-6\"><iframe src=\"https:\/\/www.youtube.com\/embed\/eMbHxEZWJxE\" width=\"\" height=\"\" allowfullscreen><\/iframe><\/div>\n<div class=\"col-md-6\">Kleopatra Ada Hotel, Kleopatra Sahiline 70 mt. mesafede olup, Alanya \u015fehir merkezine 1 km , Antalya Havaliman\u0131\u2019na 118 km, Gazipa\u015fa Alanya Havaliman\u0131\u2019na 40 km ve Alanya Otogar\u0131\u2019na 400 mt. mesafededir. Taxi, minibus ve otob\u00fcs ile ula\u015f\u0131m imkan\u0131 mevcuttur. Otelimiz toplam 123 oda , 280 yatak kapasitelidir.<\/p>\n<p>Otelimiz toplam 123 oda, 280 yatak kapasitelidir. B\u00fct\u00fcn odalarda Klima (split), Minibar, Direkt hat Telefon, Televizyon (uydu yay\u0131n\u0131), Kiral\u0131k Kasa, Sa\u00e7 Kurutma makinas\u0131, Du\u015f, Tuvalet, Balkon, Yerler seramik.<\/div><\/p>","protected":false},"excerpt":{"rendered":"","protected":false},"author":1,"featured_media":0,"parent":0,"menu_order":0,"comment_status":"closed","ping_status":"closed","template":"","meta":[],"_links":{"self":[{"href":"https:\/\/kleopatraadahotel.com\/tr\/wp-json\/wp\/v2\/pages\/1154"}],"collection":[{"href":"https:\/\/kleopatraadahotel.com\/tr\/wp-json\/wp\/v2\/pages"}],"about":[{"href":"https:\/\/kleopatraadahotel.com\/tr\/wp-json\/wp\/v2\/types\/page"}],"author":[{"embeddable":true,"href":"https:\/\/kleopatraadahotel.com\/tr\/wp-json\/wp\/v2\/users\/1"}],"replies":[{"embeddable":true,"href":"https:\/\/kleopatraadahotel.com\/tr\/wp-json\/wp\/v2\/comments?post=1154"}],"version-history":[{"count":4,"href":"https:\/\/kleopatraadahotel.com\/tr\/wp-json\/wp\/v2\/pages\/1154\/revisions"}],"predecessor-version":[{"id":1163,"href":"https:\/\/kleopatraadahotel.com\/tr\/wp-json\/wp\/v2\/pages\/1154\/revisions\/1163"}],"wp:attachment":[{"href":"https:\/\/kleopatraadahotel.com\/tr\/wp-json\/wp\/v2\/media?parent=1154"}],"curies":[{"name":"wp","href":"https:\/\/api.w.org\/{rel}","templated":true}]}}