{"id":1066,"date":"2021-05-05T14:39:42","date_gmt":"2021-05-05T11:39:42","guid":{"rendered":"https:\/\/kleopatraadahotel.com\/?page_id=1066"},"modified":"2021-07-06T15:59:56","modified_gmt":"2021-07-06T12:59:56","slug":"leisure-and-activities","status":"publish","type":"page","link":"https:\/\/kleopatraadahotel.com\/tr\/our-hotel\/leisure-and-activities\/","title":{"rendered":"E\u011flence ve Aktiviteler"},"content":{"rendered":"<p><\/p>\n<ul class=\"indent\">\n<li>Internet (\u00dccretli)<\/li>\n<li>Bilardo (\u00dccretli)<\/li>\n<li>Sauna, masaj ve g\u00fczellik merkezi (\u00dccretli)<\/li>\n<li>Su Sporlar\u0131 (\u00dccretli)<\/li>\n<li>T\u00fcrk Hamam\u0131 ( giri\u015f \u00fccretsiz)<\/li>\n<li>Dart (\u00dccretsiz)<\/li>\n<li>Masa Tenisi (\u00dccretsiz)<\/li>\n<li>Plaj Voleybol ( \u00dccretsiz)<\/li>\n<li>Fitness (\u00dccretsiz)<\/li>\n<li>Animasyon ve \u015eovlar (Haftada 2 kez, \u00dccretsiz)<\/li>\n<\/ul>\n<hr \/>\n<p>\n    <div class=\"fancy-gallery lbi_2\">\n                <a href=\"https:\/\/kleopatraadahotel.com\/wp-content\/uploads\/2021\/05\/fitness.jpg\" class=\"float-right\" data-fancybox=\"lbi_2\" data-thumb=\"https:\/\/kleopatraadahotel.com\/wp-content\/uploads\/2021\/05\/fitness-150x150.jpg\" data-buttons='[\"zoom\", \"slideShow\", \"thumbs\", \"fullScreen\", \"share\",\"close\"]' data-caption='E\u011flence ve Aktiviteler'>\n                            <i class=\"fa fa-2x fa-picture-o\" style=\"\"><\/i>\n                                <div class=\"float-right\" style=\"margin-left: 6px;padding-top: 3px;\">Foto Galeri<\/div>\n                        <\/a>\n                <a href=\"https:\/\/kleopatraadahotel.com\/wp-content\/uploads\/2020\/10\/activities_3.jpg\" class=\"float-right\" data-fancybox=\"lbi_2\" data-thumb=\"https:\/\/kleopatraadahotel.com\/wp-content\/uploads\/2020\/10\/activities_3-150x150.jpg\" data-buttons='[\"zoom\", \"slideShow\", \"thumbs\", \"fullScreen\", \"share\",\"close\"]' data-caption='E\u011flence ve Aktiviteler'>\n                    <\/a>\n                <a href=\"https:\/\/kleopatraadahotel.com\/wp-content\/uploads\/2020\/10\/activities_2.jpg\" class=\"float-right\" data-fancybox=\"lbi_2\" data-thumb=\"https:\/\/kleopatraadahotel.com\/wp-content\/uploads\/2020\/10\/activities_2-150x150.jpg\" data-buttons='[\"zoom\", \"slideShow\", \"thumbs\", \"fullScreen\", \"share\",\"close\"]' data-caption='E\u011flence ve Aktiviteler'>\n                    <\/a>\n                <a href=\"https:\/\/kleopatraadahotel.com\/wp-content\/uploads\/2020\/10\/activities_1.jpg\" class=\"float-right\" data-fancybox=\"lbi_2\" data-thumb=\"https:\/\/kleopatraadahotel.com\/wp-content\/uploads\/2020\/10\/activities_1-150x150.jpg\" data-buttons='[\"zoom\", \"slideShow\", \"thumbs\", \"fullScreen\", \"share\",\"close\"]' data-caption='E\u011flence ve Aktiviteler'>\n                    <\/a>\n                <a href=\"https:\/\/kleopatraadahotel.com\/wp-content\/uploads\/2020\/10\/beach.jpg\" class=\"float-right\" data-fancybox=\"lbi_2\" data-thumb=\"https:\/\/kleopatraadahotel.com\/wp-content\/uploads\/2020\/10\/beach-150x150.jpg\" data-buttons='[\"zoom\", \"slideShow\", \"thumbs\", \"fullScreen\", \"share\",\"close\"]' data-caption='E\u011flence ve Aktiviteler'>\n                    <\/a>\n            <\/div>\n    <div class=\"clearfix\"><\/div>\n    <\/p>","protected":false},"excerpt":{"rendered":"<p>Animasyon ve \u015eovlar (haftada 2 kez ) , Su Sporlar\u0131, Dart, Masa Tenisi, Plaj Voleybol.<\/p>\n","protected":false},"author":1,"featured_media":951,"parent":1018,"menu_order":0,"comment_status":"closed","ping_status":"closed","template":"page-featured.php","meta":[],"_links":{"self":[{"href":"https:\/\/kleopatraadahotel.com\/tr\/wp-json\/wp\/v2\/pages\/1066"}],"collection":[{"href":"https:\/\/kleopatraadahotel.com\/tr\/wp-json\/wp\/v2\/pages"}],"about":[{"href":"https:\/\/kleopatraadahotel.com\/tr\/wp-json\/wp\/v2\/types\/page"}],"author":[{"embeddable":true,"href":"https:\/\/kleopatraadahotel.com\/tr\/wp-json\/wp\/v2\/users\/1"}],"replies":[{"embeddable":true,"href":"https:\/\/kleopatraadahotel.com\/tr\/wp-json\/wp\/v2\/comments?post=1066"}],"version-history":[{"count":4,"href":"https:\/\/kleopatraadahotel.com\/tr\/wp-json\/wp\/v2\/pages\/1066\/revisions"}],"predecessor-version":[{"id":1171,"href":"https:\/\/kleopatraadahotel.com\/tr\/wp-json\/wp\/v2\/pages\/1066\/revisions\/1171"}],"up":[{"embeddable":true,"href":"https:\/\/kleopatraadahotel.com\/tr\/wp-json\/wp\/v2\/pages\/1018"}],"wp:featuredmedia":[{"embeddable":true,"href":"https:\/\/kleopatraadahotel.com\/tr\/wp-json\/wp\/v2\/media\/951"}],"wp:attachment":[{"href":"https:\/\/kleopatraadahotel.com\/tr\/wp-json\/wp\/v2\/media?parent=1066"}],"curies":[{"name":"wp","href":"https:\/\/api.w.org\/{rel}","templated":true}]}}