{"id":1064,"date":"2021-05-05T14:37:17","date_gmt":"2021-05-05T11:37:17","guid":{"rendered":"https:\/\/kleopatraadahotel.com\/?page_id=1064"},"modified":"2021-05-06T13:50:09","modified_gmt":"2021-05-06T10:50:09","slug":"facilities-and-services","status":"publish","type":"page","link":"https:\/\/kleopatraadahotel.com\/tr\/our-hotel\/facilities-and-services\/","title":{"rendered":"Olanaklar ve Hizmetler"},"content":{"rendered":"<p><\/p>\n<ul class=\"indent\">\n<li>A\u00e7\u0131k hava y\u00fczme havuzu<\/li>\n<li>A\u00e7\u0131k \u00c7ocuk Havuzu<\/li>\n<li>Bebek yata\u011f\u0131<\/li>\n<li>\u00c7ocuk oyun alan\u0131<\/li>\n<li>\u015eezlong (Havuz Kenar\u0131)<\/li>\n<li>\u015eemsiye (Havuz Kenar\u0131)<\/li>\n<li>\u015eilteler (Havuz Ba\u015f\u0131)<\/li>\n<li>Deniz (Kumsal)<\/li>\n<li>Plaj (Kumsal)<\/li>\n<li>TV Salonu<\/li>\n<li>Plajda \u015eezlong, \u015eemsiye, Minder<\/li>\n<li>Sahilde Yiyecek ve \u0130\u00e7ecekler<\/li>\n<li>Y\u0131kama<\/li>\n<li>Telefon ve faks<\/li>\n<\/ul>\n<hr \/>\n<p>\n    <div class=\"fancy-gallery lbi_2\">\n                <a href=\"https:\/\/kleopatraadahotel.com\/wp-content\/uploads\/2021\/05\/restaurant_10.jpg\" class=\"float-right\" data-fancybox=\"lbi_2\" data-thumb=\"https:\/\/kleopatraadahotel.com\/wp-content\/uploads\/2021\/05\/restaurant_10-150x150.jpg\" data-buttons='[\"zoom\", \"slideShow\", \"thumbs\", \"fullScreen\", \"share\",\"close\"]' data-caption='Olanaklar ve Hizmetler'>\n                            <i class=\"fa fa-2x fa-picture-o\" style=\"\"><\/i>\n                                <div class=\"float-right\" style=\"margin-left: 6px;padding-top: 3px;\">Foto Galeri<\/div>\n                        <\/a>\n                <a href=\"https:\/\/kleopatraadahotel.com\/wp-content\/uploads\/2020\/10\/beach.jpg\" class=\"float-right\" data-fancybox=\"lbi_2\" data-thumb=\"https:\/\/kleopatraadahotel.com\/wp-content\/uploads\/2020\/10\/beach-150x150.jpg\" data-buttons='[\"zoom\", \"slideShow\", \"thumbs\", \"fullScreen\", \"share\",\"close\"]' data-caption='Olanaklar ve Hizmetler'>\n                    <\/a>\n                <a href=\"https:\/\/kleopatraadahotel.com\/wp-content\/uploads\/2021\/05\/hotel_5.jpg\" class=\"float-right\" data-fancybox=\"lbi_2\" data-thumb=\"https:\/\/kleopatraadahotel.com\/wp-content\/uploads\/2021\/05\/hotel_5-150x150.jpg\" data-buttons='[\"zoom\", \"slideShow\", \"thumbs\", \"fullScreen\", \"share\",\"close\"]' data-caption='Olanaklar ve Hizmetler'>\n                    <\/a>\n                <a href=\"https:\/\/kleopatraadahotel.com\/wp-content\/uploads\/2021\/05\/pool_3.jpg\" class=\"float-right\" data-fancybox=\"lbi_2\" data-thumb=\"https:\/\/kleopatraadahotel.com\/wp-content\/uploads\/2021\/05\/pool_3-150x150.jpg\" data-buttons='[\"zoom\", \"slideShow\", \"thumbs\", \"fullScreen\", \"share\",\"close\"]' data-caption='Olanaklar ve Hizmetler'>\n                    <\/a>\n                <a href=\"https:\/\/kleopatraadahotel.com\/wp-content\/uploads\/2021\/05\/pool_2.jpg\" class=\"float-right\" data-fancybox=\"lbi_2\" data-thumb=\"https:\/\/kleopatraadahotel.com\/wp-content\/uploads\/2021\/05\/pool_2-150x150.jpg\" data-buttons='[\"zoom\", \"slideShow\", \"thumbs\", \"fullScreen\", \"share\",\"close\"]' data-caption='Olanaklar ve Hizmetler'>\n                    <\/a>\n                <a href=\"https:\/\/kleopatraadahotel.com\/wp-content\/uploads\/2013\/10\/img-12.jpg\" class=\"float-right\" data-fancybox=\"lbi_2\" data-thumb=\"https:\/\/kleopatraadahotel.com\/wp-content\/uploads\/2013\/10\/img-12-150x150.jpg\" data-buttons='[\"zoom\", \"slideShow\", \"thumbs\", \"fullScreen\", \"share\",\"close\"]' data-caption='Olanaklar ve Hizmetler'>\n                    <\/a>\n                <a href=\"https:\/\/kleopatraadahotel.com\/wp-content\/uploads\/2020\/10\/gallery-features-2.jpg\" class=\"float-right\" data-fancybox=\"lbi_2\" data-thumb=\"https:\/\/kleopatraadahotel.com\/wp-content\/uploads\/2020\/10\/gallery-features-2-150x150.jpg\" data-buttons='[\"zoom\", \"slideShow\", \"thumbs\", \"fullScreen\", \"share\",\"close\"]' data-caption='Olanaklar ve Hizmetler'>\n                    <\/a>\n                <a href=\"https:\/\/kleopatraadahotel.com\/wp-content\/uploads\/2013\/10\/slide-01-hotel.jpg\" class=\"float-right\" data-fancybox=\"lbi_2\" data-thumb=\"https:\/\/kleopatraadahotel.com\/wp-content\/uploads\/2013\/10\/slide-01-hotel-150x150.jpg\" data-buttons='[\"zoom\", \"slideShow\", \"thumbs\", \"fullScreen\", \"share\",\"close\"]' data-caption='Olanaklar ve Hizmetler'>\n                    <\/a>\n            <\/div>\n    <div class=\"clearfix\"><\/div>\n    <\/p>","protected":false},"excerpt":{"rendered":"<p>Outdoor Swimming Pool, Outdoor Children\u2019s Pool, Children\u2019s Playground, Beach (Sandy beach) &#8230;<\/p>\n","protected":false},"author":1,"featured_media":968,"parent":1018,"menu_order":0,"comment_status":"closed","ping_status":"closed","template":"page-featured.php","meta":[],"_links":{"self":[{"href":"https:\/\/kleopatraadahotel.com\/tr\/wp-json\/wp\/v2\/pages\/1064"}],"collection":[{"href":"https:\/\/kleopatraadahotel.com\/tr\/wp-json\/wp\/v2\/pages"}],"about":[{"href":"https:\/\/kleopatraadahotel.com\/tr\/wp-json\/wp\/v2\/types\/page"}],"author":[{"embeddable":true,"href":"https:\/\/kleopatraadahotel.com\/tr\/wp-json\/wp\/v2\/users\/1"}],"replies":[{"embeddable":true,"href":"https:\/\/kleopatraadahotel.com\/tr\/wp-json\/wp\/v2\/comments?post=1064"}],"version-history":[{"count":4,"href":"https:\/\/kleopatraadahotel.com\/tr\/wp-json\/wp\/v2\/pages\/1064\/revisions"}],"predecessor-version":[{"id":1135,"href":"https:\/\/kleopatraadahotel.com\/tr\/wp-json\/wp\/v2\/pages\/1064\/revisions\/1135"}],"up":[{"embeddable":true,"href":"https:\/\/kleopatraadahotel.com\/tr\/wp-json\/wp\/v2\/pages\/1018"}],"wp:featuredmedia":[{"embeddable":true,"href":"https:\/\/kleopatraadahotel.com\/tr\/wp-json\/wp\/v2\/media\/968"}],"wp:attachment":[{"href":"https:\/\/kleopatraadahotel.com\/tr\/wp-json\/wp\/v2\/media?parent=1064"}],"curies":[{"name":"wp","href":"https:\/\/api.w.org\/{rel}","templated":true}]}}