{"id":1058,"date":"2021-05-05T13:25:47","date_gmt":"2021-05-05T10:25:47","guid":{"rendered":"https:\/\/kleopatraadahotel.com\/?page_id=1058"},"modified":"2021-05-06T12:36:50","modified_gmt":"2021-05-06T09:36:50","slug":"restaurant-bar","status":"publish","type":"page","link":"https:\/\/kleopatraadahotel.com\/tr\/our-hotel\/restaurant-bar\/","title":{"rendered":"Restaurant ve Bar"},"content":{"rendered":"<p><strong>RESTAURANT<\/strong><\/p>\n<p>Restoran\u0131m\u0131z \u00a0120 ki\u015fi i\u00e7 mekan ve 180 ki\u015fi d\u0131\u015f mekan oturma kapasitelidir.<br \/>\n<div class=\"panel concept\"><\/p>\n<ul class=\"indent\">\n<li>Kahvalt\u0131\n<div>08:00 \u2013 09:30<\/div>\n<\/li>\n<li>Ge\u00e7 Kahvalt\u0131\n<div>09:30 \u2013 10:00<\/div>\n<\/li>\n<li>G\u00f6zleme\n<div>10:30 \u2013 12:00<\/div>\n<\/li>\n<li>\u00d6\u011fle yeme\u011fi\n<div>12:30 \u2013 14:00<\/div>\n<\/li>\n<li>G\u00f6zleme\n<div>14:30 &#8211; 16:30<\/div>\n<\/li>\n<li>Kek ve kahve saati\n<div>17:00 \u2013 18:00<\/div>\n<\/li>\n<li>Ak\u015fam yeme\u011fi\n<div>19:00 \u2013 21:00<\/div>\n<\/li>\n<li>Havuzbar <em>(t\u00fcm yerli i\u00e7kiler d\u00e2hil)<\/em>\n<div>10:00 \u2013 22:00<\/div>\n<\/li>\n<\/ul>\n<p><\/div><\/p>\n<p><strong>BARLAR ve SNACK SERV\u0130S<\/strong><\/p>\n<p><strong>Pool Bar:<br \/>\n<\/strong>Servis Saatleri : \u00a010:00 ile \u00a022:00 saatleri aras\u0131<\/p>\n<p><strong>Beach Bar:<br \/>\n<\/strong>Servis Saatleri :\u00a0 08:00 ile 18:00 saatleri aras\u0131<\/p>\n<p><em>Kanun gere\u011fi 18 ya\u015f alt\u0131 misafirlere alkol servisi yoktur.<\/em><\/p>\n<hr \/>\n<p>\n    <div class=\"fancy-gallery lbi_2\">\n                <a href=\"https:\/\/kleopatraadahotel.com\/wp-content\/uploads\/2021\/05\/restaurant_1.jpg\" class=\"float-right\" data-fancybox=\"lbi_2\" data-thumb=\"https:\/\/kleopatraadahotel.com\/wp-content\/uploads\/2021\/05\/restaurant_1-150x150.jpg\" data-buttons='[\"zoom\", \"slideShow\", \"thumbs\", \"fullScreen\", \"share\",\"close\"]' data-caption='Restaurant ve Bar'>\n                            <i class=\"fa fa-2x fa-picture-o\" style=\"\"><\/i>\n                                <div class=\"float-right\" style=\"margin-left: 6px;padding-top: 3px;\">Foto Galeri<\/div>\n                        <\/a>\n                <a href=\"https:\/\/kleopatraadahotel.com\/wp-content\/uploads\/2021\/05\/restaurant_2.jpg\" class=\"float-right\" data-fancybox=\"lbi_2\" data-thumb=\"https:\/\/kleopatraadahotel.com\/wp-content\/uploads\/2021\/05\/restaurant_2-150x150.jpg\" data-buttons='[\"zoom\", \"slideShow\", \"thumbs\", \"fullScreen\", \"share\",\"close\"]' data-caption='Restaurant ve Bar'>\n                    <\/a>\n                <a href=\"https:\/\/kleopatraadahotel.com\/wp-content\/uploads\/2021\/05\/restaurant_3.jpg\" class=\"float-right\" data-fancybox=\"lbi_2\" data-thumb=\"https:\/\/kleopatraadahotel.com\/wp-content\/uploads\/2021\/05\/restaurant_3-150x150.jpg\" data-buttons='[\"zoom\", \"slideShow\", \"thumbs\", \"fullScreen\", \"share\",\"close\"]' data-caption='Restaurant ve Bar'>\n                    <\/a>\n                <a href=\"https:\/\/kleopatraadahotel.com\/wp-content\/uploads\/2021\/05\/restaurant_4.jpg\" class=\"float-right\" data-fancybox=\"lbi_2\" data-thumb=\"https:\/\/kleopatraadahotel.com\/wp-content\/uploads\/2021\/05\/restaurant_4-150x150.jpg\" data-buttons='[\"zoom\", \"slideShow\", \"thumbs\", \"fullScreen\", \"share\",\"close\"]' data-caption='Restaurant ve Bar'>\n                    <\/a>\n                <a href=\"https:\/\/kleopatraadahotel.com\/wp-content\/uploads\/2021\/05\/restaurant_5.jpg\" class=\"float-right\" data-fancybox=\"lbi_2\" data-thumb=\"https:\/\/kleopatraadahotel.com\/wp-content\/uploads\/2021\/05\/restaurant_5-150x150.jpg\" data-buttons='[\"zoom\", \"slideShow\", \"thumbs\", \"fullScreen\", \"share\",\"close\"]' data-caption='Restaurant ve Bar'>\n                    <\/a>\n                <a href=\"https:\/\/kleopatraadahotel.com\/wp-content\/uploads\/2021\/05\/restaurant_6.jpg\" class=\"float-right\" data-fancybox=\"lbi_2\" data-thumb=\"https:\/\/kleopatraadahotel.com\/wp-content\/uploads\/2021\/05\/restaurant_6-150x150.jpg\" data-buttons='[\"zoom\", \"slideShow\", \"thumbs\", \"fullScreen\", \"share\",\"close\"]' data-caption='Restaurant ve Bar'>\n                    <\/a>\n                <a href=\"https:\/\/kleopatraadahotel.com\/wp-content\/uploads\/2021\/05\/restaurant_7.jpg\" class=\"float-right\" data-fancybox=\"lbi_2\" data-thumb=\"https:\/\/kleopatraadahotel.com\/wp-content\/uploads\/2021\/05\/restaurant_7-150x150.jpg\" data-buttons='[\"zoom\", \"slideShow\", \"thumbs\", \"fullScreen\", \"share\",\"close\"]' data-caption='Restaurant ve Bar'>\n                    <\/a>\n                <a href=\"https:\/\/kleopatraadahotel.com\/wp-content\/uploads\/2021\/05\/restaurant_8.jpg\" class=\"float-right\" data-fancybox=\"lbi_2\" data-thumb=\"https:\/\/kleopatraadahotel.com\/wp-content\/uploads\/2021\/05\/restaurant_8-150x150.jpg\" data-buttons='[\"zoom\", \"slideShow\", \"thumbs\", \"fullScreen\", \"share\",\"close\"]' data-caption='Restaurant ve Bar'>\n                    <\/a>\n                <a href=\"https:\/\/kleopatraadahotel.com\/wp-content\/uploads\/2021\/05\/restaurant_9.jpg\" class=\"float-right\" data-fancybox=\"lbi_2\" data-thumb=\"https:\/\/kleopatraadahotel.com\/wp-content\/uploads\/2021\/05\/restaurant_9-150x150.jpg\" data-buttons='[\"zoom\", \"slideShow\", \"thumbs\", \"fullScreen\", \"share\",\"close\"]' data-caption='Restaurant ve Bar'>\n                    <\/a>\n                <a href=\"https:\/\/kleopatraadahotel.com\/wp-content\/uploads\/2021\/05\/restaurant_10.jpg\" class=\"float-right\" data-fancybox=\"lbi_2\" data-thumb=\"https:\/\/kleopatraadahotel.com\/wp-content\/uploads\/2021\/05\/restaurant_10-150x150.jpg\" data-buttons='[\"zoom\", \"slideShow\", \"thumbs\", \"fullScreen\", \"share\",\"close\"]' data-caption='Restaurant ve Bar'>\n                    <\/a>\n            <\/div>\n    <div class=\"clearfix\"><\/div>\n    <\/p>","protected":false},"excerpt":{"rendered":"<p>Restoran\u0131m\u0131z  120 ki\u015fi i\u00e7 mekan ve 180 ki\u015fi d\u0131\u015f mekan oturma kapasitelidir. Pool Bar, Beach Bar<\/p>\n","protected":false},"author":1,"featured_media":975,"parent":1018,"menu_order":0,"comment_status":"closed","ping_status":"closed","template":"page-featured.php","meta":[],"_links":{"self":[{"href":"https:\/\/kleopatraadahotel.com\/tr\/wp-json\/wp\/v2\/pages\/1058"}],"collection":[{"href":"https:\/\/kleopatraadahotel.com\/tr\/wp-json\/wp\/v2\/pages"}],"about":[{"href":"https:\/\/kleopatraadahotel.com\/tr\/wp-json\/wp\/v2\/types\/page"}],"author":[{"embeddable":true,"href":"https:\/\/kleopatraadahotel.com\/tr\/wp-json\/wp\/v2\/users\/1"}],"replies":[{"embeddable":true,"href":"https:\/\/kleopatraadahotel.com\/tr\/wp-json\/wp\/v2\/comments?post=1058"}],"version-history":[{"count":4,"href":"https:\/\/kleopatraadahotel.com\/tr\/wp-json\/wp\/v2\/pages\/1058\/revisions"}],"predecessor-version":[{"id":1128,"href":"https:\/\/kleopatraadahotel.com\/tr\/wp-json\/wp\/v2\/pages\/1058\/revisions\/1128"}],"up":[{"embeddable":true,"href":"https:\/\/kleopatraadahotel.com\/tr\/wp-json\/wp\/v2\/pages\/1018"}],"wp:featuredmedia":[{"embeddable":true,"href":"https:\/\/kleopatraadahotel.com\/tr\/wp-json\/wp\/v2\/media\/975"}],"wp:attachment":[{"href":"https:\/\/kleopatraadahotel.com\/tr\/wp-json\/wp\/v2\/media?parent=1058"}],"curies":[{"name":"wp","href":"https:\/\/api.w.org\/{rel}","templated":true}]}}