{"id":1020,"date":"2021-05-04T20:29:03","date_gmt":"2021-05-04T17:29:03","guid":{"rendered":"https:\/\/kleopatraadahotel.com\/?page_id=1020"},"modified":"2025-04-24T15:16:02","modified_gmt":"2025-04-24T12:16:02","slug":"all-inclusive-concept","status":"publish","type":"page","link":"https:\/\/kleopatraadahotel.com\/tr\/all-inclusive-concept\/","title":{"rendered":"Her\u015fey Dahil Konsepti"},"content":{"rendered":"<p><\/p>\n<h3>Her\u015fey Dahil Konsepti (2025 Yaz)<\/h3>\n<div class=\"panel concept\"><\/p>\n<ul class=\"indent\">\n<li>Kahvalt\u0131\n<div>08:00 \u2013 09:30<\/div>\n<\/li>\n<li>Ge\u00e7 Kahvalt\u0131\n<div>09:30 \u2013 10:00<\/div>\n<\/li>\n<li>\u00d6\u011fle yeme\u011fi\n<div>12:30 \u2013 14:00<\/div>\n<\/li>\n<li>Kek ve kahve saati\n<div>17:00 \u2013 18:00<\/div>\n<\/li>\n<li>Ak\u015fam yeme\u011fi\n<div>19:00 \u2013 21:00<\/div>\n<\/li>\n<li>Havuzbar <em>(t\u00fcm yerli i\u00e7kiler d\u00e2hil)<\/em>\n<div>10:00 \u2013 22:00<\/div>\n<\/li>\n<\/ul>\n<p><\/div>\n<blockquote style=\"padding-top: 0px;\"><p>* Sezona g\u00f6re zamanlar de\u011fi\u015febilmektedir.<br \/>\n* 18 ya\u015f alt\u0131 misafirlerimize alkol servisimiz yoktur.<\/p><\/blockquote>\n<p>&nbsp;<\/p>\n<h4>\u00dccretsiz Servisler <em>(Her \u015fey d\u00e2hil konsepti i\u00e7erisindekiler)<\/em><\/h4>\n<ul class=\"indent\">\n<li>TV (Uydu)<\/li>\n<li>Masa tenisi<\/li>\n<li>Dart<\/li>\n<li>Plaj voleybolu<\/li>\n<li>Fitness odas\u0131<\/li>\n<li>Havuzda yatak ve \u015femsiye<\/li>\n<li>Hamam (Giri\u015f)<\/li>\n<\/ul>\n<p>&nbsp;<\/p>\n<h4>\u00dccretli Servisler<\/h4>\n<ul class=\"indent\">\n<li>T\u00fcm ithal i\u00e7kiler (Miller ve Beck\u2019s biralar d\u00e2hil)<\/li>\n<li>Minibar-Oda Servisi<\/li>\n<li>Telefon ve Faks<\/li>\n<li>Odada \u00e7elik kasa<\/li>\n<li>Sauna<\/li>\n<li>Masaj<\/li>\n<li>Peeling<\/li>\n<li>Su sporlar\u0131<\/li>\n<li>Doktor<\/li>\n<li>Dondurma, waffle ve b\u00fcfe harici kekler<\/li>\n<li>T\u00fcm taze meyve sular\u0131<\/li>\n<li>Bilardo<\/li>\n<li>Internet k\u00f6\u015fesi<\/li>\n<li>Plajda \u015fezlong, yatak, \u015femsiye, yiyecek ve i\u00e7ecekler<\/li>\n<li>A la carte olarak restoranda ve havuzda \u00f6\u011fle &amp; ak\u015fam yeme\u011fi<\/li>\n<li>T\u00fcrk kahvesi<\/li>\n<li>Wi-Fi (Kablosuz \u0130nternet)<\/li>\n<\/ul>\n<p><\/p>","protected":false},"excerpt":{"rendered":"<p>Her\u015fey Dahil Konsepti (2025 Yaz) * Sezona g\u00f6re zamanlar de\u011fi\u015febilmektedir. * 18 ya\u015f alt\u0131 misafirlerimize alkol servisimiz yoktur. &nbsp; \u00dccretsiz Servisler (Her \u015fey d\u00e2hil konsepti i\u00e7erisindekiler) TV (Uydu) Masa tenisi Dart Plaj voleybolu Fitness odas\u0131 Havuzda yatak ve \u015femsiye Hamam (Giri\u015f) &nbsp; \u00dccretli Servisler T\u00fcm ithal i\u00e7kiler (Miller ve Beck\u2019s biralar d\u00e2hil) Minibar-Oda Servisi Telefon [&hellip;]<\/p>\n","protected":false},"author":1,"featured_media":0,"parent":0,"menu_order":0,"comment_status":"closed","ping_status":"closed","template":"","meta":[],"_links":{"self":[{"href":"https:\/\/kleopatraadahotel.com\/tr\/wp-json\/wp\/v2\/pages\/1020"}],"collection":[{"href":"https:\/\/kleopatraadahotel.com\/tr\/wp-json\/wp\/v2\/pages"}],"about":[{"href":"https:\/\/kleopatraadahotel.com\/tr\/wp-json\/wp\/v2\/types\/page"}],"author":[{"embeddable":true,"href":"https:\/\/kleopatraadahotel.com\/tr\/wp-json\/wp\/v2\/users\/1"}],"replies":[{"embeddable":true,"href":"https:\/\/kleopatraadahotel.com\/tr\/wp-json\/wp\/v2\/comments?post=1020"}],"version-history":[{"count":4,"href":"https:\/\/kleopatraadahotel.com\/tr\/wp-json\/wp\/v2\/pages\/1020\/revisions"}],"predecessor-version":[{"id":1285,"href":"https:\/\/kleopatraadahotel.com\/tr\/wp-json\/wp\/v2\/pages\/1020\/revisions\/1285"}],"wp:attachment":[{"href":"https:\/\/kleopatraadahotel.com\/tr\/wp-json\/wp\/v2\/media?parent=1020"}],"curies":[{"name":"wp","href":"https:\/\/api.w.org\/{rel}","templated":true}]}}