{"id":1018,"date":"2021-05-04T20:25:05","date_gmt":"2021-05-04T17:25:05","guid":{"rendered":"https:\/\/kleopatraadahotel.com\/?page_id=1018"},"modified":"2021-05-18T15:19:13","modified_gmt":"2021-05-18T12:19:13","slug":"our-hotel","status":"publish","type":"page","link":"https:\/\/kleopatraadahotel.com\/tr\/our-hotel\/","title":{"rendered":"Otelimiz"},"content":{"rendered":"<p><div class=\"col-md-6\">\n<h4>\u00dccretsiz Olanaklar ve Aktiviteler<\/h4>\n<ul class=\"indent\">\n<li>A\u00e7\u0131k Y\u00fczme Havuzu<\/li>\n<li>A\u00e7\u0131k \u00c7ocuk Havuzu<\/li>\n<li>Bebek yata\u011f\u0131<\/li>\n<li>\u00c7ocuk Oyun Sahas\u0131<\/li>\n<li>\u015eezlong (Havuzba\u015f\u0131)<\/li>\n<li>\u015eemsiye (Havuzba\u015f\u0131)<\/li>\n<li>Minder (Havuzba\u015f\u0131)<\/li>\n<li>Deniz (Kum kumsal)<\/li>\n<li>Sahil (Kum kumsal)<\/li>\n<li>Kahvalt\u0131, \u00d6\u011fle ve Ak\u015fam Yemekleri<\/li>\n<li>G\u00f6zleme Servisi<\/li>\n<li>Yerli \u0130\u00e7ecekler<\/li>\n<li>TV Salonu<\/li>\n<\/ul>\n<\/div>\n<div class=\"col-md-6\">\n<h4>Her\u015fey Dahil Harici olan \u00dccretli Olanaklar<\/h4>\n<ul class=\"indent\">\n<li>Doktor<\/li>\n<li>Mini bar \u2013 Oda Servisi<\/li>\n<li>Emanet Kasas\u0131<\/li>\n<li>Sahilde \u015eezlong, \u015eemsiye, Minder<\/li>\n<li>Sahilde Yiyecek ve \u0130\u00e7ecekler<\/li>\n<li>\u00c7ama\u015f\u0131r Y\u0131kama<\/li>\n<li>Telefon ve fax<\/li>\n<li>Taze S\u0131k\u0131lm\u0131\u015f Meyve Sular\u0131, Espresso,<\/li>\n<li>Cappuccino ve T\u00fcrk Kahvesi<\/li>\n<li>T\u00fcm Yabanc\u0131 Alkoll\u00fc \u0130\u00e7ecekler <em>(Miller ve Becks Bira dahil)<\/em><\/li>\n<li>Dondurmalar<\/li>\n<li>Ara\u00e7 Kiralama<\/li>\n<li>Havaalan\u0131 Transferi<\/li>\n<li>Foto\u011fraf<\/li>\n<li>Kuaf\u00f6r Salonu<\/li>\n<li>Sauna ve masaj<\/li>\n<li>Wi-Fi (Kablosuz \u0130nternet)<\/li>\n<\/ul>\n<\/div>\n<hr class=\"clear clearfix\" \/><\/p>\n<p style=\"text-align: center;\"><a href=\"\/tr\/all-inclusive-concept\/\">Her\u015fey Dahil Konsept<\/a><\/p>\n<p><\/p>","protected":false},"excerpt":{"rendered":"<p>Kleopatra Ada Hotel, Kleopatra Sahiline 70 mt. mesafede olup, Alanya \u015fehir merkezine 1 km , Antalya Havaliman\u0131\u2019na 118 km, Gazipa\u015fa Alanya Havaliman\u0131\u2019na 40 km ve Alanya Otogar\u0131\u2019na 400 mt. mesafededir. Taxi, minibus ve otob\u00fcs ile ula\u015f\u0131m imkan\u0131 mevcuttur. Otelimiz toplam 123 oda , 280 yatak kapasitelidir.<\/p>\n","protected":false},"author":1,"featured_media":0,"parent":0,"menu_order":0,"comment_status":"closed","ping_status":"closed","template":"page-features.php","meta":[],"_links":{"self":[{"href":"https:\/\/kleopatraadahotel.com\/tr\/wp-json\/wp\/v2\/pages\/1018"}],"collection":[{"href":"https:\/\/kleopatraadahotel.com\/tr\/wp-json\/wp\/v2\/pages"}],"about":[{"href":"https:\/\/kleopatraadahotel.com\/tr\/wp-json\/wp\/v2\/types\/page"}],"author":[{"embeddable":true,"href":"https:\/\/kleopatraadahotel.com\/tr\/wp-json\/wp\/v2\/users\/1"}],"replies":[{"embeddable":true,"href":"https:\/\/kleopatraadahotel.com\/tr\/wp-json\/wp\/v2\/comments?post=1018"}],"version-history":[{"count":4,"href":"https:\/\/kleopatraadahotel.com\/tr\/wp-json\/wp\/v2\/pages\/1018\/revisions"}],"predecessor-version":[{"id":1162,"href":"https:\/\/kleopatraadahotel.com\/tr\/wp-json\/wp\/v2\/pages\/1018\/revisions\/1162"}],"wp:attachment":[{"href":"https:\/\/kleopatraadahotel.com\/tr\/wp-json\/wp\/v2\/media?parent=1018"}],"curies":[{"name":"wp","href":"https:\/\/api.w.org\/{rel}","templated":true}]}}