  
    
    
    
    
    
    
    
  {"id":317,"date":"2014-02-04T06:45:10","date_gmt":"2014-02-04T06:45:10","guid":{"rendered":"http:\/\/vierra.themenesia.com\/?page_id=303"},"modified":"2021-05-04T06:39:41","modified_gmt":"2021-05-04T06:39:41","slug":"home","status":"publish","type":"page","link":"https:\/\/kleopatraadahotel.com\/de\/","title":{"rendered":"Startseite"},"content":{"rendered":"<p>  <div class=\"row room-list sc gallery\">\n                    \n        \t  <div class=\"mb30 col-md-6 inner room-item\">\n\t\t\t\t\t\t\t\t\t<div class=\"pic_hover\">\n\t\t\t\t\t\t\t\t\t\t\t\t\t\t\t\t\t\t<a href=\"https:\/\/kleopatraadahotel.com\/de\/room\/standard-room\/\">\n\t\t\t\t\t\t\t\t\t\t\t\t\t\t\t\t\t\t<span class=\"overlay\"><\/span><img src=\"https:\/\/kleopatraadahotel.com\/wp-content\/uploads\/2022\/05\/standart_oda-02-600x400.jpg\" alt=\"Standardzimmer\" \/><\/a>\n\t\t\t\t\t\t\t\t\t<\/div>\n\t\t\t\t\t\t\t\t\t\n                                    <div class=\"info\">\t\t\t\t\t\t\t\t\t\t\n                                        <div class=\"text-center\">\n                                            <a href=\"https:\/\/kleopatraadahotel.com\/de\/room\/standard-room\/\">\n                                                <h4 class=\"mt20\">\n                                                    Standardzimmer                                                <\/h4>\n                                            <\/a>\n                                            <div class=\"price\">\n                                                <h3>\n                                                                                                    <\/h3>\n                                                <span>\/Nacht<\/span>\n                                            <\/div>\n                                        <\/div>\n                                        Unsere Standardzimmer sind 20 m2 gro\u00df und haben Keramikb\u00f6den mit einer Mindestkapazit\u00e4t von 2 Personen und maximal 3 Personen. Unsere&hellip;\t\t\t\t\t\t                                              <div class=\"divider20\"><\/div>\n                                            <a href=\"https:\/\/kleopatraadahotel.com\/de\/room\/standard-room\/\" class=\"btn-custom\">\n                                                Zimmer-Details anzeigen                                            <\/a>\n                                    <\/div>\n                            <\/div>\n                    \n        \t  <div class=\"mb30 col-md-6 inner room-item\">\n\t\t\t\t\t\t\t\t\t<div class=\"pic_hover\">\n\t\t\t\t\t\t\t\t\t\t\t\t\t\t\t\t\t\t<a href=\"https:\/\/kleopatraadahotel.com\/de\/room\/family-room\/\">\n\t\t\t\t\t\t\t\t\t\t\t\t\t\t\t\t\t\t<span class=\"overlay\"><\/span><img src=\"https:\/\/kleopatraadahotel.com\/wp-content\/uploads\/2013\/10\/aile_odasi-02-600x400.jpg\" alt=\"Familienzimmer\" \/><\/a>\n\t\t\t\t\t\t\t\t\t<\/div>\n\t\t\t\t\t\t\t\t\t\n                                    <div class=\"info\">\t\t\t\t\t\t\t\t\t\t\n                                        <div class=\"text-center\">\n                                            <a href=\"https:\/\/kleopatraadahotel.com\/de\/room\/family-room\/\">\n                                                <h4 class=\"mt20\">\n                                                    Familienzimmer                                                <\/h4>\n                                            <\/a>\n                                            <div class=\"price\">\n                                                <h3>\n                                                                                                    <\/h3>\n                                                <span>\/Nacht<\/span>\n                                            <\/div>\n                                        <\/div>\n                                        Unsere Familienzimmer sind 32 m2 gro\u00df und haben einen Keramikboden. Es hat eine maximale Kapazit\u00e4t von 5 Personen. Unsere Zimmer&hellip;\t\t\t\t\t\t                                              <div class=\"divider20\"><\/div>\n                                            <a href=\"https:\/\/kleopatraadahotel.com\/de\/room\/family-room\/\" class=\"btn-custom\">\n                                                Zimmer-Details anzeigen                                            <\/a>\n                                    <\/div>\n                            <\/div>\n               \t\n       <\/div>\n  \t\t<div class=\"clearfix\"><\/div>\n\t<\/p>\n<h3 class=\"de_title\"><span>Aus unserer Galerie<\/span><\/h3>\n  <div class=\"row\">\n  <ul id=\"gallery\" class=\"pf_gallery gallery\">\n                    \n        \t  <li class=\"col-md-3 box gallery-item  room\">\n                <div class=\"pic_hover\">\n                \t\t\t\t\t\t\t\t\t\t\t\t<a class=\"image image-popup-gallery\" href=\"https:\/\/kleopatraadahotel.com\/wp-content\/uploads\/2013\/10\/aile_odasi-02.jpg\" title=\"Familienzimmer\">\n\t\t\t\t\t\t\t<span class=\"overlay\"><\/span><img width=\"300\" height=\"225\" src=\"https:\/\/kleopatraadahotel.com\/wp-content\/uploads\/2013\/10\/aile_odasi-02-300x225.jpg\" class=\"attachment-medium size-medium wp-post-image\" alt=\"\" decoding=\"async\" srcset=\"https:\/\/kleopatraadahotel.com\/wp-content\/uploads\/2013\/10\/aile_odasi-02-300x225.jpg 300w, https:\/\/kleopatraadahotel.com\/wp-content\/uploads\/2013\/10\/aile_odasi-02-1024x768.jpg 1024w, https:\/\/kleopatraadahotel.com\/wp-content\/uploads\/2013\/10\/aile_odasi-02-768x576.jpg 768w, https:\/\/kleopatraadahotel.com\/wp-content\/uploads\/2013\/10\/aile_odasi-02-1536x1152.jpg 1536w, https:\/\/kleopatraadahotel.com\/wp-content\/uploads\/2013\/10\/aile_odasi-02-400x300.jpg 400w, https:\/\/kleopatraadahotel.com\/wp-content\/uploads\/2013\/10\/aile_odasi-02-640x480.jpg 640w, https:\/\/kleopatraadahotel.com\/wp-content\/uploads\/2013\/10\/aile_odasi-02-1x1.jpg 1w, https:\/\/kleopatraadahotel.com\/wp-content\/uploads\/2013\/10\/aile_odasi-02.jpg 1600w\" sizes=\"(max-width: 300px) 100vw, 300px\" \/>\t\t\t\t\t\t<\/a>\n\t\t\t\t\t\t\t\t\t\t\n\t\t\t\t\t\t\t\t\t\t\n                <\/div>            \n           \t\t  <div class=\"clear\"><\/div>\n              <\/li>\n                    \n        \t  <li class=\"col-md-3 box gallery-item  room\">\n                <div class=\"pic_hover\">\n                \t\t\t\t\t\t\t\t\t\t\t\t<a class=\"image image-popup-gallery\" href=\"https:\/\/kleopatraadahotel.com\/wp-content\/uploads\/2022\/05\/standart_oda-02.jpg\" title=\"Standardzimmer\">\n\t\t\t\t\t\t\t<span class=\"overlay\"><\/span><img width=\"300\" height=\"225\" src=\"https:\/\/kleopatraadahotel.com\/wp-content\/uploads\/2022\/05\/standart_oda-02-300x225.jpg\" class=\"attachment-medium size-medium wp-post-image\" alt=\"\" decoding=\"async\" srcset=\"https:\/\/kleopatraadahotel.com\/wp-content\/uploads\/2022\/05\/standart_oda-02-300x225.jpg 300w, https:\/\/kleopatraadahotel.com\/wp-content\/uploads\/2022\/05\/standart_oda-02-1024x768.jpg 1024w, https:\/\/kleopatraadahotel.com\/wp-content\/uploads\/2022\/05\/standart_oda-02-768x576.jpg 768w, https:\/\/kleopatraadahotel.com\/wp-content\/uploads\/2022\/05\/standart_oda-02-1536x1152.jpg 1536w, https:\/\/kleopatraadahotel.com\/wp-content\/uploads\/2022\/05\/standart_oda-02-400x300.jpg 400w, https:\/\/kleopatraadahotel.com\/wp-content\/uploads\/2022\/05\/standart_oda-02-640x480.jpg 640w, https:\/\/kleopatraadahotel.com\/wp-content\/uploads\/2022\/05\/standart_oda-02-1x1.jpg 1w, https:\/\/kleopatraadahotel.com\/wp-content\/uploads\/2022\/05\/standart_oda-02.jpg 1600w\" sizes=\"(max-width: 300px) 100vw, 300px\" \/>\t\t\t\t\t\t<\/a>\n\t\t\t\t\t\t\t\t\t\t\n\t\t\t\t\t\t\t\t\t\t\n                <\/div>            \n           \t\t  <div class=\"clear\"><\/div>\n              <\/li>\n                    \n        \t  <li class=\"col-md-3 box gallery-item  overview\">\n                <div class=\"pic_hover\">\n                \t\t\t\t\t\t\t\t\t\t\t\t<a class=\"image image-popup-gallery\" href=\"https:\/\/kleopatraadahotel.com\/wp-content\/uploads\/2022\/05\/genel_gorunum-03.jpg\" title=\"\u00dcberblick\">\n\t\t\t\t\t\t\t<span class=\"overlay\"><\/span><img width=\"300\" height=\"225\" src=\"https:\/\/kleopatraadahotel.com\/wp-content\/uploads\/2022\/05\/genel_gorunum-03-300x225.jpg\" class=\"attachment-medium size-medium wp-post-image\" alt=\"\" decoding=\"async\" srcset=\"https:\/\/kleopatraadahotel.com\/wp-content\/uploads\/2022\/05\/genel_gorunum-03-300x225.jpg 300w, https:\/\/kleopatraadahotel.com\/wp-content\/uploads\/2022\/05\/genel_gorunum-03-1024x768.jpg 1024w, https:\/\/kleopatraadahotel.com\/wp-content\/uploads\/2022\/05\/genel_gorunum-03-768x576.jpg 768w, https:\/\/kleopatraadahotel.com\/wp-content\/uploads\/2022\/05\/genel_gorunum-03-1536x1152.jpg 1536w, https:\/\/kleopatraadahotel.com\/wp-content\/uploads\/2022\/05\/genel_gorunum-03-400x300.jpg 400w, https:\/\/kleopatraadahotel.com\/wp-content\/uploads\/2022\/05\/genel_gorunum-03-640x480.jpg 640w, https:\/\/kleopatraadahotel.com\/wp-content\/uploads\/2022\/05\/genel_gorunum-03-1x1.jpg 1w, https:\/\/kleopatraadahotel.com\/wp-content\/uploads\/2022\/05\/genel_gorunum-03.jpg 1600w\" sizes=\"(max-width: 300px) 100vw, 300px\" \/>\t\t\t\t\t\t<\/a>\n\t\t\t\t\t\t\t\t\t\t\n\t\t\t\t\t\t\t\t\t\t\n                <\/div>            \n           \t\t  <div class=\"clear\"><\/div>\n              <\/li>\n                    \n        \t  <li class=\"col-md-3 box gallery-item  overview\">\n                <div class=\"pic_hover\">\n                \t\t\t\t\t\t\t\t\t\t\t\t<a class=\"image image-popup-gallery\" href=\"https:\/\/kleopatraadahotel.com\/wp-content\/uploads\/2021\/05\/hotel_1.jpg\" title=\"\u00dcberblick\">\n\t\t\t\t\t\t\t<span class=\"overlay\"><\/span><img width=\"300\" height=\"200\" src=\"https:\/\/kleopatraadahotel.com\/wp-content\/uploads\/2021\/05\/hotel_1-300x200.jpg\" class=\"attachment-medium size-medium wp-post-image\" alt=\"\" decoding=\"async\" srcset=\"https:\/\/kleopatraadahotel.com\/wp-content\/uploads\/2021\/05\/hotel_1-300x200.jpg 300w, https:\/\/kleopatraadahotel.com\/wp-content\/uploads\/2021\/05\/hotel_1-1024x683.jpg 1024w, https:\/\/kleopatraadahotel.com\/wp-content\/uploads\/2021\/05\/hotel_1-768x512.jpg 768w, https:\/\/kleopatraadahotel.com\/wp-content\/uploads\/2021\/05\/hotel_1-1536x1024.jpg 1536w, https:\/\/kleopatraadahotel.com\/wp-content\/uploads\/2021\/05\/hotel_1-600x400.jpg 600w, https:\/\/kleopatraadahotel.com\/wp-content\/uploads\/2021\/05\/hotel_1-2x1.jpg 2w, https:\/\/kleopatraadahotel.com\/wp-content\/uploads\/2021\/05\/hotel_1.jpg 1920w\" sizes=\"(max-width: 300px) 100vw, 300px\" \/>\t\t\t\t\t\t<\/a>\n\t\t\t\t\t\t\t\t\t\t\n\t\t\t\t\t\t\t\t\t\t\n                <\/div>            \n           \t\t  <div class=\"clear\"><\/div>\n              <\/li>\n                    \n        \t  <li class=\"col-md-3 box gallery-item  lobby\">\n                <div class=\"pic_hover\">\n                \t\t\t\t\t\t\t\t\t\t\t\t<a class=\"image image-popup-gallery\" href=\"https:\/\/kleopatraadahotel.com\/wp-content\/uploads\/2021\/05\/lobby_1.jpg\" title=\"Empfangshalle\">\n\t\t\t\t\t\t\t<span class=\"overlay\"><\/span><img width=\"300\" height=\"200\" src=\"https:\/\/kleopatraadahotel.com\/wp-content\/uploads\/2021\/05\/lobby_1-300x200.jpg\" class=\"attachment-medium size-medium wp-post-image\" alt=\"\" decoding=\"async\" srcset=\"https:\/\/kleopatraadahotel.com\/wp-content\/uploads\/2021\/05\/lobby_1-300x200.jpg 300w, https:\/\/kleopatraadahotel.com\/wp-content\/uploads\/2021\/05\/lobby_1-1024x683.jpg 1024w, https:\/\/kleopatraadahotel.com\/wp-content\/uploads\/2021\/05\/lobby_1-768x512.jpg 768w, https:\/\/kleopatraadahotel.com\/wp-content\/uploads\/2021\/05\/lobby_1-1536x1024.jpg 1536w, https:\/\/kleopatraadahotel.com\/wp-content\/uploads\/2021\/05\/lobby_1-600x400.jpg 600w, https:\/\/kleopatraadahotel.com\/wp-content\/uploads\/2021\/05\/lobby_1-2x1.jpg 2w, https:\/\/kleopatraadahotel.com\/wp-content\/uploads\/2021\/05\/lobby_1.jpg 1920w\" sizes=\"(max-width: 300px) 100vw, 300px\" \/>\t\t\t\t\t\t<\/a>\n\t\t\t\t\t\t\t\t\t\t\n\t\t\t\t\t\t\t\t\t\t\n                <\/div>            \n           \t\t  <div class=\"clear\"><\/div>\n              <\/li>\n                    \n        \t  <li class=\"col-md-3 box gallery-item  restaurant\">\n                <div class=\"pic_hover\">\n                \t\t\t\t\t\t\t\t\t\t\t\t<a class=\"image image-popup-gallery\" href=\"https:\/\/kleopatraadahotel.com\/wp-content\/uploads\/2021\/05\/restaurant_1.jpg\" title=\"Restaurant\">\n\t\t\t\t\t\t\t<span class=\"overlay\"><\/span><img width=\"300\" height=\"200\" src=\"https:\/\/kleopatraadahotel.com\/wp-content\/uploads\/2021\/05\/restaurant_1-300x200.jpg\" class=\"attachment-medium size-medium wp-post-image\" alt=\"\" decoding=\"async\" srcset=\"https:\/\/kleopatraadahotel.com\/wp-content\/uploads\/2021\/05\/restaurant_1-300x200.jpg 300w, https:\/\/kleopatraadahotel.com\/wp-content\/uploads\/2021\/05\/restaurant_1-1024x683.jpg 1024w, https:\/\/kleopatraadahotel.com\/wp-content\/uploads\/2021\/05\/restaurant_1-768x512.jpg 768w, https:\/\/kleopatraadahotel.com\/wp-content\/uploads\/2021\/05\/restaurant_1-1536x1024.jpg 1536w, https:\/\/kleopatraadahotel.com\/wp-content\/uploads\/2021\/05\/restaurant_1-600x400.jpg 600w, https:\/\/kleopatraadahotel.com\/wp-content\/uploads\/2021\/05\/restaurant_1-2x1.jpg 2w, https:\/\/kleopatraadahotel.com\/wp-content\/uploads\/2021\/05\/restaurant_1.jpg 1920w\" sizes=\"(max-width: 300px) 100vw, 300px\" \/>\t\t\t\t\t\t<\/a>\n\t\t\t\t\t\t\t\t\t\t\n\t\t\t\t\t\t\t\t\t\t\n                <\/div>            \n           \t\t  <div class=\"clear\"><\/div>\n              <\/li>\n                    \n        \t  <li class=\"col-md-3 box gallery-item  beach-pool\">\n                <div class=\"pic_hover\">\n                \t\t\t\t\t\t\t\t\t\t\t\t<a class=\"image image-popup-gallery\" href=\"https:\/\/kleopatraadahotel.com\/wp-content\/uploads\/2021\/05\/pool_1.jpg\" title=\"Schwimmbad\">\n\t\t\t\t\t\t\t<span class=\"overlay\"><\/span><img width=\"300\" height=\"201\" src=\"https:\/\/kleopatraadahotel.com\/wp-content\/uploads\/2021\/05\/pool_1-300x201.jpg\" class=\"attachment-medium size-medium wp-post-image\" alt=\"\" decoding=\"async\" srcset=\"https:\/\/kleopatraadahotel.com\/wp-content\/uploads\/2021\/05\/pool_1-300x201.jpg 300w, https:\/\/kleopatraadahotel.com\/wp-content\/uploads\/2021\/05\/pool_1-1024x686.jpg 1024w, https:\/\/kleopatraadahotel.com\/wp-content\/uploads\/2021\/05\/pool_1-768x515.jpg 768w, https:\/\/kleopatraadahotel.com\/wp-content\/uploads\/2021\/05\/pool_1-1536x1030.jpg 1536w, https:\/\/kleopatraadahotel.com\/wp-content\/uploads\/2021\/05\/pool_1-600x400.jpg 600w, https:\/\/kleopatraadahotel.com\/wp-content\/uploads\/2021\/05\/pool_1-1x1.jpg 1w, https:\/\/kleopatraadahotel.com\/wp-content\/uploads\/2021\/05\/pool_1.jpg 1920w\" sizes=\"(max-width: 300px) 100vw, 300px\" \/>\t\t\t\t\t\t<\/a>\n\t\t\t\t\t\t\t\t\t\t\n\t\t\t\t\t\t\t\t\t\t\n                <\/div>            \n           \t\t  <div class=\"clear\"><\/div>\n              <\/li>\n                    \n        \t  <li class=\"col-md-3 box gallery-item  fitness-spa\">\n                <div class=\"pic_hover\">\n                \t\t\t\t\t\t\t\t\t\t\t\t<a class=\"image image-popup-gallery\" href=\"https:\/\/kleopatraadahotel.com\/wp-content\/uploads\/2021\/05\/spa_2.jpg\" title=\"T\u00fcrkisches Bad\">\n\t\t\t\t\t\t\t<span class=\"overlay\"><\/span><img width=\"300\" height=\"187\" src=\"https:\/\/kleopatraadahotel.com\/wp-content\/uploads\/2021\/05\/spa_2-300x187.jpg\" class=\"attachment-medium size-medium wp-post-image\" alt=\"\" decoding=\"async\" srcset=\"https:\/\/kleopatraadahotel.com\/wp-content\/uploads\/2021\/05\/spa_2-300x187.jpg 300w, https:\/\/kleopatraadahotel.com\/wp-content\/uploads\/2021\/05\/spa_2-1024x637.jpg 1024w, https:\/\/kleopatraadahotel.com\/wp-content\/uploads\/2021\/05\/spa_2-768x478.jpg 768w, https:\/\/kleopatraadahotel.com\/wp-content\/uploads\/2021\/05\/spa_2-1536x956.jpg 1536w, https:\/\/kleopatraadahotel.com\/wp-content\/uploads\/2021\/05\/spa_2-2x1.jpg 2w, https:\/\/kleopatraadahotel.com\/wp-content\/uploads\/2021\/05\/spa_2.jpg 1920w\" sizes=\"(max-width: 300px) 100vw, 300px\" \/>\t\t\t\t\t\t<\/a>\n\t\t\t\t\t\t\t\t\t\t\n\t\t\t\t\t\t\t\t\t\t\n                <\/div>            \n           \t\t  <div class=\"clear\"><\/div>\n              <\/li>\n               \t\n        <\/ul>\n\t\t<\/div>\n  \t\t<div class=\"clearfix\"><\/div>\n\t\n<p><a href=\"\/gallery\/\" class=\"btn btn-custom btn-primary float-right default\" target=\"\">Galerie<\/a><\/p>","protected":false},"excerpt":{"rendered":"","protected":false},"author":1,"featured_media":0,"parent":0,"menu_order":0,"comment_status":"open","ping_status":"open","template":"page_slider_extended.php","meta":[],"_links":{"self":[{"href":"https:\/\/kleopatraadahotel.com\/de\/wp-json\/wp\/v2\/pages\/317"}],"collection":[{"href":"https:\/\/kleopatraadahotel.com\/de\/wp-json\/wp\/v2\/pages"}],"about":[{"href":"https:\/\/kleopatraadahotel.com\/de\/wp-json\/wp\/v2\/types\/page"}],"author":[{"embeddable":true,"href":"https:\/\/kleopatraadahotel.com\/de\/wp-json\/wp\/v2\/users\/1"}],"replies":[{"embeddable":true,"href":"https:\/\/kleopatraadahotel.com\/de\/wp-json\/wp\/v2\/comments?post=317"}],"version-history":[{"count":4,"href":"https:\/\/kleopatraadahotel.com\/de\/wp-json\/wp\/v2\/pages\/317\/revisions"}],"predecessor-version":[{"id":899,"href":"https:\/\/kleopatraadahotel.com\/de\/wp-json\/wp\/v2\/pages\/317\/revisions\/899"}],"wp:attachment":[{"href":"https:\/\/kleopatraadahotel.com\/de\/wp-json\/wp\/v2\/media?parent=317"}],"curies":[{"name":"wp","href":"https:\/\/api.w.org\/{rel}","templated":true}]}}