{"id":1154,"date":"2021-05-17T11:46:39","date_gmt":"2021-05-17T08:46:39","guid":{"rendered":"https:\/\/kleopatraadahotel.com\/?page_id=1154"},"modified":"2021-05-18T15:20:08","modified_gmt":"2021-05-18T12:20:08","slug":"hotel-video","status":"publish","type":"page","link":"https:\/\/kleopatraadahotel.com\/de\/hotel-video\/","title":{"rendered":"Hotel Video"},"content":{"rendered":"<p><div class=\"col-md-6\"><iframe src=\"https:\/\/www.youtube.com\/embed\/eMbHxEZWJxE\" width=\"\" height=\"\" allowfullscreen><\/iframe><\/div>\n<div class=\"col-md-6\">Das Kleopatra Ada Hotel liegt 70 m vom Kleopatra Strand entfernt. Es liegt 1 km vom Stadtzentrum von Alanya, 118 km vom Flughafen Antalya, 40 km vom Flughafen Gazipa\u015fa Alanya und 400 m vom Busbahnhof Alanya entfernt. Weg. Transport mit Taxi, Minibus und Bus ist m\u00f6glich. Unser Hotel verf\u00fcgt \u00fcber insgesamt 123 Zimmer und 280 Betten.<\/p>\n<p>Unser Hotel verf\u00fcgt \u00fcber insgesamt 123 Zimmer und 280 Betten. Alle Zimmer mit Dusche, WC, Direktwahltelefon, Sat-TV, Minibar, Klimaanlage, Haartrockner, Safe, Balkon.<\/div><\/p>","protected":false},"excerpt":{"rendered":"","protected":false},"author":1,"featured_media":0,"parent":0,"menu_order":0,"comment_status":"closed","ping_status":"closed","template":"","meta":[],"_links":{"self":[{"href":"https:\/\/kleopatraadahotel.com\/de\/wp-json\/wp\/v2\/pages\/1154"}],"collection":[{"href":"https:\/\/kleopatraadahotel.com\/de\/wp-json\/wp\/v2\/pages"}],"about":[{"href":"https:\/\/kleopatraadahotel.com\/de\/wp-json\/wp\/v2\/types\/page"}],"author":[{"embeddable":true,"href":"https:\/\/kleopatraadahotel.com\/de\/wp-json\/wp\/v2\/users\/1"}],"replies":[{"embeddable":true,"href":"https:\/\/kleopatraadahotel.com\/de\/wp-json\/wp\/v2\/comments?post=1154"}],"version-history":[{"count":4,"href":"https:\/\/kleopatraadahotel.com\/de\/wp-json\/wp\/v2\/pages\/1154\/revisions"}],"predecessor-version":[{"id":1163,"href":"https:\/\/kleopatraadahotel.com\/de\/wp-json\/wp\/v2\/pages\/1154\/revisions\/1163"}],"wp:attachment":[{"href":"https:\/\/kleopatraadahotel.com\/de\/wp-json\/wp\/v2\/media?parent=1154"}],"curies":[{"name":"wp","href":"https:\/\/api.w.org\/{rel}","templated":true}]}}