{"id":1058,"date":"2021-05-05T13:25:47","date_gmt":"2021-05-05T10:25:47","guid":{"rendered":"https:\/\/kleopatraadahotel.com\/?page_id=1058"},"modified":"2021-05-06T12:36:50","modified_gmt":"2021-05-06T09:36:50","slug":"restaurant-bar","status":"publish","type":"page","link":"https:\/\/kleopatraadahotel.com\/de\/our-hotel\/restaurant-bar\/","title":{"rendered":"Restaurant und Bar"},"content":{"rendered":"<p><strong>RESTAURANT<\/strong><\/p>\n<p>Unser Restaurant bietet Platz f\u00fcr 120 Personen im Innenbereich und 180 Personen im Freien.<br \/>\n<div class=\"panel concept\"><\/p>\n<ul class = \"indent\">\n<li>Fr\u00fchst\u00fcck\n<div>08:00 &#8211; 09:30<\/div>\n<\/li>\n<li>Sp\u00e4tes Fr\u00fchst\u00fcck\n<div>09:30 &#8211; 10:00<\/div>\n<\/li>\n<li>Pfannkuchen\n<div>10:30 &#8211; 12:00<\/div>\n<\/li>\n<li>Mittagessen\n<div>12:30 &#8211; 14:00<\/div>\n<\/li>\n<li>Pfannkuchen\n<div>14:30 &#8211; 16:30<\/div>\n<\/li>\n<li>Kuchen- und Kaffeezeit\n<div>17:00 &#8211; 18:00<\/div>\n<\/li>\n<li>Abendessen\n<div>19:00 &#8211; 21:00<\/div>\n<\/li>\n<li>Pool Bar <em> (einschlie\u00dflich aller lokalen Getr\u00e4nke) <\/em>\n<div>10:00 &#8211; 22:00<\/div>\n<\/li>\n<\/ul>\n<p><\/div><\/p>\n<p><strong>BARS und SNACK SERVICE<\/strong><\/p>\n<p><strong>Poolbar:<br \/>\n<\/strong>Servicezeiten: Zwischen 10:00 und 22:00 Uhr<\/p>\n<p><strong>Strandbar:<br \/>\n<\/strong>Servicezeiten: Zwischen 08:00 und 18:00 Uhr<\/p>\n<p><em>Gem\u00e4\u00df den gesetzlichen Bestimmungen wird G\u00e4sten unter 18 Jahren kein Alkohol ausgeschenkt.<\/em><\/p>\n<hr \/>\n<p>\n    <div class=\"fancy-gallery lbi_3\">\n                <a href=\"https:\/\/kleopatraadahotel.com\/wp-content\/uploads\/2021\/05\/restaurant_1.jpg\" class=\"float-right\" data-fancybox=\"lbi_3\" data-thumb=\"https:\/\/kleopatraadahotel.com\/wp-content\/uploads\/2021\/05\/restaurant_1-150x150.jpg\" data-buttons='[\"zoom\", \"slideShow\", \"thumbs\", \"fullScreen\", \"share\",\"close\"]' data-caption='Restaurant und Bar'>\n                            <i class=\"fa fa-2x fa-picture-o\" style=\"\"><\/i>\n                                <div class=\"float-right\" style=\"margin-left: 6px;padding-top: 3px;\">Fotogallerie<\/div>\n                        <\/a>\n                <a href=\"https:\/\/kleopatraadahotel.com\/wp-content\/uploads\/2021\/05\/restaurant_2.jpg\" class=\"float-right\" data-fancybox=\"lbi_3\" data-thumb=\"https:\/\/kleopatraadahotel.com\/wp-content\/uploads\/2021\/05\/restaurant_2-150x150.jpg\" data-buttons='[\"zoom\", \"slideShow\", \"thumbs\", \"fullScreen\", \"share\",\"close\"]' data-caption='Restaurant und Bar'>\n                    <\/a>\n                <a href=\"https:\/\/kleopatraadahotel.com\/wp-content\/uploads\/2021\/05\/restaurant_3.jpg\" class=\"float-right\" data-fancybox=\"lbi_3\" data-thumb=\"https:\/\/kleopatraadahotel.com\/wp-content\/uploads\/2021\/05\/restaurant_3-150x150.jpg\" data-buttons='[\"zoom\", \"slideShow\", \"thumbs\", \"fullScreen\", \"share\",\"close\"]' data-caption='Restaurant und Bar'>\n                    <\/a>\n                <a href=\"https:\/\/kleopatraadahotel.com\/wp-content\/uploads\/2021\/05\/restaurant_4.jpg\" class=\"float-right\" data-fancybox=\"lbi_3\" data-thumb=\"https:\/\/kleopatraadahotel.com\/wp-content\/uploads\/2021\/05\/restaurant_4-150x150.jpg\" data-buttons='[\"zoom\", \"slideShow\", \"thumbs\", \"fullScreen\", \"share\",\"close\"]' data-caption='Restaurant und Bar'>\n                    <\/a>\n                <a href=\"https:\/\/kleopatraadahotel.com\/wp-content\/uploads\/2021\/05\/restaurant_5.jpg\" class=\"float-right\" data-fancybox=\"lbi_3\" data-thumb=\"https:\/\/kleopatraadahotel.com\/wp-content\/uploads\/2021\/05\/restaurant_5-150x150.jpg\" data-buttons='[\"zoom\", \"slideShow\", \"thumbs\", \"fullScreen\", \"share\",\"close\"]' data-caption='Restaurant und Bar'>\n                    <\/a>\n                <a href=\"https:\/\/kleopatraadahotel.com\/wp-content\/uploads\/2021\/05\/restaurant_6.jpg\" class=\"float-right\" data-fancybox=\"lbi_3\" data-thumb=\"https:\/\/kleopatraadahotel.com\/wp-content\/uploads\/2021\/05\/restaurant_6-150x150.jpg\" data-buttons='[\"zoom\", \"slideShow\", \"thumbs\", \"fullScreen\", \"share\",\"close\"]' data-caption='Restaurant und Bar'>\n                    <\/a>\n                <a href=\"https:\/\/kleopatraadahotel.com\/wp-content\/uploads\/2021\/05\/restaurant_7.jpg\" class=\"float-right\" data-fancybox=\"lbi_3\" data-thumb=\"https:\/\/kleopatraadahotel.com\/wp-content\/uploads\/2021\/05\/restaurant_7-150x150.jpg\" data-buttons='[\"zoom\", \"slideShow\", \"thumbs\", \"fullScreen\", \"share\",\"close\"]' data-caption='Restaurant und Bar'>\n                    <\/a>\n                <a href=\"https:\/\/kleopatraadahotel.com\/wp-content\/uploads\/2021\/05\/restaurant_8.jpg\" class=\"float-right\" data-fancybox=\"lbi_3\" data-thumb=\"https:\/\/kleopatraadahotel.com\/wp-content\/uploads\/2021\/05\/restaurant_8-150x150.jpg\" data-buttons='[\"zoom\", \"slideShow\", \"thumbs\", \"fullScreen\", \"share\",\"close\"]' data-caption='Restaurant und Bar'>\n                    <\/a>\n                <a href=\"https:\/\/kleopatraadahotel.com\/wp-content\/uploads\/2021\/05\/restaurant_9.jpg\" class=\"float-right\" data-fancybox=\"lbi_3\" data-thumb=\"https:\/\/kleopatraadahotel.com\/wp-content\/uploads\/2021\/05\/restaurant_9-150x150.jpg\" data-buttons='[\"zoom\", \"slideShow\", \"thumbs\", \"fullScreen\", \"share\",\"close\"]' data-caption='Restaurant und Bar'>\n                    <\/a>\n                <a href=\"https:\/\/kleopatraadahotel.com\/wp-content\/uploads\/2021\/05\/restaurant_10.jpg\" class=\"float-right\" data-fancybox=\"lbi_3\" data-thumb=\"https:\/\/kleopatraadahotel.com\/wp-content\/uploads\/2021\/05\/restaurant_10-150x150.jpg\" data-buttons='[\"zoom\", \"slideShow\", \"thumbs\", \"fullScreen\", \"share\",\"close\"]' data-caption='Restaurant und Bar'>\n                    <\/a>\n            <\/div>\n    <div class=\"clearfix\"><\/div>\n    <\/p>","protected":false},"excerpt":{"rendered":"<p>Unser Restaurant bietet Platz f\u00fcr 120 Personen im Innenbereich und 180 Personen im Freien. Poolbar, Strandbar<\/p>\n","protected":false},"author":1,"featured_media":975,"parent":1018,"menu_order":0,"comment_status":"closed","ping_status":"closed","template":"page-featured.php","meta":[],"_links":{"self":[{"href":"https:\/\/kleopatraadahotel.com\/de\/wp-json\/wp\/v2\/pages\/1058"}],"collection":[{"href":"https:\/\/kleopatraadahotel.com\/de\/wp-json\/wp\/v2\/pages"}],"about":[{"href":"https:\/\/kleopatraadahotel.com\/de\/wp-json\/wp\/v2\/types\/page"}],"author":[{"embeddable":true,"href":"https:\/\/kleopatraadahotel.com\/de\/wp-json\/wp\/v2\/users\/1"}],"replies":[{"embeddable":true,"href":"https:\/\/kleopatraadahotel.com\/de\/wp-json\/wp\/v2\/comments?post=1058"}],"version-history":[{"count":4,"href":"https:\/\/kleopatraadahotel.com\/de\/wp-json\/wp\/v2\/pages\/1058\/revisions"}],"predecessor-version":[{"id":1128,"href":"https:\/\/kleopatraadahotel.com\/de\/wp-json\/wp\/v2\/pages\/1058\/revisions\/1128"}],"up":[{"embeddable":true,"href":"https:\/\/kleopatraadahotel.com\/de\/wp-json\/wp\/v2\/pages\/1018"}],"wp:featuredmedia":[{"embeddable":true,"href":"https:\/\/kleopatraadahotel.com\/de\/wp-json\/wp\/v2\/media\/975"}],"wp:attachment":[{"href":"https:\/\/kleopatraadahotel.com\/de\/wp-json\/wp\/v2\/media?parent=1058"}],"curies":[{"name":"wp","href":"https:\/\/api.w.org\/{rel}","templated":true}]}}