{"id":1020,"date":"2021-05-04T20:29:03","date_gmt":"2021-05-04T17:29:03","guid":{"rendered":"https:\/\/kleopatraadahotel.com\/?page_id=1020"},"modified":"2025-04-24T15:16:02","modified_gmt":"2025-04-24T12:16:02","slug":"all-inclusive-concept","status":"publish","type":"page","link":"https:\/\/kleopatraadahotel.com\/de\/all-inclusive-concept\/","title":{"rendered":"Alles inklusive konzept"},"content":{"rendered":"<p><\/p>\n<h3>Alles inklusive konzept (Sommer 2025)<\/h3>\n<div class=\"panel concept\"><\/p>\n<ul class=\"indent\">\n<li>Fr\u00fchst\u00fcck\n<div>08:00 &#8211; 09:30<\/div>\n<\/li>\n<li>Sp\u00e4tes Fr\u00fchst\u00fcck\n<div>09:30 &#8211; 10:00<\/div>\n<\/li>\n<li>Mittagessen\n<div>12:30 &#8211; 14:00<\/div>\n<\/li>\n<li>Kuchen- und Kaffeezeit\n<div>17:00 &#8211; 18:00<\/div>\n<\/li>\n<li>Abendessen\n<div>19:00 &#8211; 21:00<\/div>\n<\/li>\n<li>Pool Bar <em> (einschlie\u00dflich aller lokalen Getr\u00e4nke) <\/em>\n<div>10:00 &#8211; 22:00<\/div>\n<\/li>\n<\/ul>\n<p><\/div>\n<blockquote style=\"padding-top: 0px;\"><p>* Die Zeiten k\u00f6nnen sich je nach Saison \u00e4ndern.<br \/>\n* Wir servieren unseren G\u00e4sten unter 18 Jahren keinen Alkohol.<\/p><\/blockquote>\n<p>&nbsp;<\/p>\n<h4>Kostenlose Services <em>(im All-Inclusive-Konzept enthalten)<\/em><\/h4>\n<ul class=\"indent\">\n<li>TV (Satellit)<\/li>\n<li>Tischtennis<\/li>\n<li>Darts<\/li>\n<li>Beach-Volleyball<\/li>\n<li>Fitnessraum<\/li>\n<li>Bett und Sonnenschirm im Pool<\/li>\n<li>T\u00fcrkisches Bad (Eingang)<\/li>\n<\/ul>\n<p>&nbsp;<\/p>\n<h4>Bezahlte Dienstleistungen<\/h4>\n<ul class=\"indent\">\n<li>Alle importierten Getr\u00e4nke (einschlie\u00dflich Miller und Becks Biere)<\/li>\n<li>Minibar-Zimmerservice<\/li>\n<li>Telefon und Fax<\/li>\n<li>Stahltresor im Raum<\/li>\n<li>Sauna<\/li>\n<li>Massage<\/li>\n<li>Peeling<\/li>\n<li>Wassersport<\/li>\n<li>Arzt<\/li>\n<li>Eis, Waffeln und Kuchen ohne Buffet<\/li>\n<li>Alle frischen S\u00e4fte<\/li>\n<li>Billard<\/li>\n<li>Internet-Ecke<\/li>\n<li>Sonnenliegen, Betten, Sonnenschirme, Essen und Getr\u00e4nke am Strand<\/li>\n<li>Mittag- und Abendessen \u00e0 la carte im Restaurant und am Pool<\/li>\n<li>T\u00fcrkischer Kaffee<\/li>\n<li>Wi-Fi (drahtloses Internet)<\/li>\n<\/ul>\n<p><\/p>","protected":false},"excerpt":{"rendered":"<p>Alles inklusive konzept (Sommer 2025) * Die Zeiten k\u00f6nnen sich je nach Saison \u00e4ndern. * Wir servieren unseren G\u00e4sten unter 18 Jahren keinen Alkohol. &nbsp; Kostenlose Services (im All-Inclusive-Konzept enthalten) TV (Satellit) Tischtennis Darts Beach-Volleyball Fitnessraum Bett und Sonnenschirm im Pool T\u00fcrkisches Bad (Eingang) &nbsp; Bezahlte Dienstleistungen Alle importierten Getr\u00e4nke (einschlie\u00dflich Miller und Becks Biere) [&hellip;]<\/p>\n","protected":false},"author":1,"featured_media":0,"parent":0,"menu_order":0,"comment_status":"closed","ping_status":"closed","template":"","meta":[],"_links":{"self":[{"href":"https:\/\/kleopatraadahotel.com\/de\/wp-json\/wp\/v2\/pages\/1020"}],"collection":[{"href":"https:\/\/kleopatraadahotel.com\/de\/wp-json\/wp\/v2\/pages"}],"about":[{"href":"https:\/\/kleopatraadahotel.com\/de\/wp-json\/wp\/v2\/types\/page"}],"author":[{"embeddable":true,"href":"https:\/\/kleopatraadahotel.com\/de\/wp-json\/wp\/v2\/users\/1"}],"replies":[{"embeddable":true,"href":"https:\/\/kleopatraadahotel.com\/de\/wp-json\/wp\/v2\/comments?post=1020"}],"version-history":[{"count":4,"href":"https:\/\/kleopatraadahotel.com\/de\/wp-json\/wp\/v2\/pages\/1020\/revisions"}],"predecessor-version":[{"id":1285,"href":"https:\/\/kleopatraadahotel.com\/de\/wp-json\/wp\/v2\/pages\/1020\/revisions\/1285"}],"wp:attachment":[{"href":"https:\/\/kleopatraadahotel.com\/de\/wp-json\/wp\/v2\/media?parent=1020"}],"curies":[{"name":"wp","href":"https:\/\/api.w.org\/{rel}","templated":true}]}}