{"id":1018,"date":"2021-05-04T20:25:05","date_gmt":"2021-05-04T17:25:05","guid":{"rendered":"https:\/\/kleopatraadahotel.com\/?page_id=1018"},"modified":"2021-05-18T15:19:13","modified_gmt":"2021-05-18T12:19:13","slug":"our-hotel","status":"publish","type":"page","link":"https:\/\/kleopatraadahotel.com\/de\/our-hotel\/","title":{"rendered":"Unser Hotel"},"content":{"rendered":"<p><div class=\"col-md-6\">\n<h4>Kostenlose Einrichtungen und Aktivit\u00e4ten<\/h4>\n<ul class=\"indent\">\n<li>Freibad<\/li>\n<li>Kinderbecken im Freien<\/li>\n<li>Babybett<\/li>\n<li>Kinderspielplatz<\/li>\n<li>Sonnenliege (am Pool)<\/li>\n<li>Regenschirm (am Pool)<\/li>\n<li>Matratzen (am Pool)<\/li>\n<li>Meer (Sandstrand)<\/li>\n<li>Strand (Sandstrand)<\/li>\n<li>Fr\u00fchst\u00fcck, Mittagessen und Abendbrot<\/li>\n<li>Pfannkuchenservice<\/li>\n<li>Lokale Getr\u00e4nke<\/li>\n<li>TV Lounge<\/li>\n<\/ul>\n<\/div>\n<div class=\"col-md-6\">\n<h4>Bezahlte Einrichtungen aus All Inclusive<\/h4>\n<ul class=\"indent\">\n<li>Arzt<\/li>\n<li>Minibar &#8211; Zimmerservice<\/li>\n<li>Safe<\/li>\n<li>Sonnenliegen, Sonnenschirme, Matratzen am Strand<\/li>\n<li>Essen und Trinken am Strand<\/li>\n<li>Waschen<\/li>\n<li>Telefon und Fax<\/li>\n<li>Frische Fruchts\u00e4fte, Espresso,<\/li>\n<li>Cappuccino und t\u00fcrkischer Kaffee<\/li>\n<li>Alle ausl\u00e4ndischen alkoholischen Getr\u00e4nke <small>(einschlie\u00dflich Miller und Becks Bier)<\/small><\/li>\n<li>Eis<\/li>\n<li>Autovermietungen<\/li>\n<li>Flughafentransfer<\/li>\n<li>Foto<\/li>\n<li>Friseur<\/li>\n<li>Sauna und Massage<\/li>\n<li>Wi-Fi (drahtloses Internet)<\/li>\n<\/ul>\n<\/div>\n<hr class=\"clear clearfix\" \/><\/p>\n<p style=\"text-align: center;\"><a href=\"\/de\/all-inclusive-concept\/\">Alles inklusive konzept<\/a><\/p>\n<p><\/p>","protected":false},"excerpt":{"rendered":"<p>Das Kleopatra Ada Hotel liegt 70 m vom Kleopatra Strand entfernt. Es liegt 1 km vom Stadtzentrum von Alanya, 118 km vom Flughafen Antalya, 40 km vom Flughafen Gazipa\u015fa Alanya und 400 m vom Busbahnhof Alanya entfernt. Weg. Transport mit Taxi, Minibus und Bus ist m\u00f6glich. Unser Hotel verf\u00fcgt \u00fcber insgesamt 123 Zimmer und 280 Betten.<\/p>\n","protected":false},"author":1,"featured_media":0,"parent":0,"menu_order":0,"comment_status":"closed","ping_status":"closed","template":"page-features.php","meta":[],"_links":{"self":[{"href":"https:\/\/kleopatraadahotel.com\/de\/wp-json\/wp\/v2\/pages\/1018"}],"collection":[{"href":"https:\/\/kleopatraadahotel.com\/de\/wp-json\/wp\/v2\/pages"}],"about":[{"href":"https:\/\/kleopatraadahotel.com\/de\/wp-json\/wp\/v2\/types\/page"}],"author":[{"embeddable":true,"href":"https:\/\/kleopatraadahotel.com\/de\/wp-json\/wp\/v2\/users\/1"}],"replies":[{"embeddable":true,"href":"https:\/\/kleopatraadahotel.com\/de\/wp-json\/wp\/v2\/comments?post=1018"}],"version-history":[{"count":4,"href":"https:\/\/kleopatraadahotel.com\/de\/wp-json\/wp\/v2\/pages\/1018\/revisions"}],"predecessor-version":[{"id":1162,"href":"https:\/\/kleopatraadahotel.com\/de\/wp-json\/wp\/v2\/pages\/1018\/revisions\/1162"}],"wp:attachment":[{"href":"https:\/\/kleopatraadahotel.com\/de\/wp-json\/wp\/v2\/media?parent=1018"}],"curies":[{"name":"wp","href":"https:\/\/api.w.org\/{rel}","templated":true}]}}